{"id":1268,"date":"2021-11-12T13:38:49","date_gmt":"2021-11-12T12:38:49","guid":{"rendered":"https:\/\/schemmel.correl.io\/?page_id=1268"},"modified":"2025-10-27T08:11:30","modified_gmt":"2025-10-27T07:11:30","slug":"baumaschinen","status":"publish","type":"page","link":"https:\/\/schemmel.group\/arbeitsbuehnen\/baumaschinen\/","title":{"rendered":"Baumaschinen"},"content":{"rendered":"<div class=\"brz-root__container brz-reset-all brz brz-root__container-page\">\n<section id=\"040469e7d6ada6c99c22_bfearceapexjlmjkeuxvpkgbeszgaupctpjs\" class=\"brz-section brz-css-1kpjyhw brz-css-1g3wp56\">\n<div class=\"brz-section__content brz-section--boxed brz-css-uriodo brz-css-rgbb0l\" data-brz-custom-id=\"bmbjohcygclkxftrpbgeuqarflhlwdrhmxck\">\n<div class=\"brz-bg\">\n<div class=\"brz-bg-color\"><\/div>\n<\/div>\n<div class=\"brz-container brz-css-s73i4t brz-css-5ujvi0\">\n<div class=\"brz-row__container brz-css-quwu2q brz-css-74irlo\" data-brz-custom-id=\"kenqtbgxhdgsffxvsytymvaolfakbdpycexx\">\n<div class=\"brz-row brz-css-6n6q02 brz-css-13370w1 brz-css-1ga1atn\">\n<div class=\"brz-columns brz-css-zz0qw4 brz-css-1vanf61\" data-brz-custom-id=\"xshgfhebkdmkotjgtbjgixreegngqzhzedpa\">\n<div class=\"brz-column__items brz-css-1q1h6qh brz-css-1fur8nb\">\n<div id=\"\" class=\"brz-css-1a5184 brz-css-11cur9b brz-wrapper\">\n<div class=\"brz-rich-text brz-rich-text__custom brz-css-qk88vg brz-css-1a3yltw\" data-brz-custom-id=\"dlthlfbqaebxjugmjepzxrrnuwtlwdgvlzkj\">\n<div data-brz-translate-text=\"1\">\n<p class=\"brz-tp-abovetitle brz-text-lg-left brz-css-nLTQ4\"><span class=\"brz-cp-color2\" style=\"opacity: 0.8;\">TECHNISCHE DATEN<\/span><\/p>\n<\/div>\n<\/div>\n<\/div>\n<div id=\"\" class=\"brz-css-1a5184 brz-css-jovd8n brz-wrapper\">\n<div class=\"brz-rich-text brz-rich-text__custom brz-css-qk88vg brz-css-owtq09\" data-brz-custom-id=\"moewrqkpopdtqpwylxdyktsqyqfneprncsqo\">\n<div data-brz-translate-text=\"1\">\n<h2 class=\"brz-tp-heading2 brz-text-lg-left brz-css-imHxd\"><span class=\"brz-cp-color2\">WILDKRAUTB\u00dcRSTE<\/span><\/h2>\n<\/div>\n<\/div>\n<\/div>\n<div id=\"\" class=\"brz-css-1a5184 brz-css-snh5i0 brz-wrapper\">\n<div class=\"brz-rich-text brz-rich-text__custom brz-css-qk88vg brz-css-45r92e\" data-brz-custom-id=\"yzzojvfdfgedxnvegqnjjkrsvjcskmpsnkjg\">\n<div data-brz-translate-text=\"1\">\n<p class=\"brz-text-lg-left brz-tp-subtitle brz-css-c1f7F\"><span class=\"brz-cp-color2\">Mit der Wildkrautb\u00fcrste wird Gr\u00fcnbewuchs auf befestigten Fl\u00e4chen effektiv entfernt und das ganz ohne Chemie. Durch den klappbaren Spritzschutz ist die Unkrautbeseitigung bis an die Kanten m\u00f6glich.<\/span><\/p>\n<\/div>\n<\/div>\n<\/div>\n<div id=\"\" class=\"brz-css-1a5184 brz-css-1ole0s3 brz-css-wraqn5 brz-wrapper\">\n<div class=\"brz-spacer brz-css-oqt120 brz-css-1b37969\"><\/div>\n<\/div>\n<div id=\"\" class=\"brz-css-1a5184 brz-css-1camhbv brz-wrapper c-table\">\n<table class=\"brz-table brz-css-663gso brz-css-1adcho5\" data-brz-custom-id=\"lgwrojencbibthzcwkgdpbumtaiympqqixku\">\n<thead class=\"brz-table__head brz-css-1dmqtjr brz-css-9sgoan\">\n<tr class=\"brz-table__tr\">\n<th class=\"brz-table__th brz-table__aside brz-css-ymor55 brz-css-8af5l3\">\n<div class=\"brz-table__th--btn\"><span data-brz-translate-text=\"1\" class=\"brz-span brz-text__editor\">TYP<\/span><\/div>\n<\/th>\n<th class=\"brz-table__th brz-table__aside brz-css-ymor55 brz-css-s66brq\">\n<div class=\"brz-table__th--btn\"><span data-brz-translate-text=\"1\" class=\"brz-span brz-text__editor\">Westermann WKB 660<\/span><\/div>\n<\/th>\n<\/tr>\n<\/thead>\n<tbody class=\"brz-table__body brz-css-1v38rtk brz-css-1xz8w28\">\n<tr class=\"brz-table__tr\">\n<th class=\"brz-table__th brz-table__aside brz-css-ymor55 brz-css-1d1glj8\">\n<div class=\"brz-table__th--btn\"><span data-brz-translate-text=\"1\" class=\"brz-span brz-text__editor\">Motorleistung<\/span><\/div>\n<\/th>\n<td class=\"brz-table__td\">\n<div class=\"brz-d-xs-flex brz-flex-xs-column\">\n<div id=\"\" class=\"brz-css-1a5184 brz-css-lc9pgf brz-wrapper\">\n<div class=\"brz-rich-text brz-rich-text__custom brz-css-qk88vg brz-css-pqnl1w\" data-brz-custom-id=\"tvkpslkkjjwvslixhddmspuaxacqknwjpddt\">\n<div data-brz-translate-text=\"1\">\n<p class=\"brz-fw-xs-im-400 brz-fw-sm-im-400 brz-fw-lg-400 brz-ft-google brz-ff-work_sans brz-css-cp6xy\"><span class=\"brz-cp-color2\">4,5 PS<\/span><\/p>\n<\/div>\n<\/div>\n<\/div>\n<\/div>\n<\/td>\n<\/tr>\n<tr class=\"brz-table__tr\">\n<th class=\"brz-table__th brz-table__aside brz-css-ymor55 brz-css-1cw3axg\">\n<div class=\"brz-table__th--btn\"><span data-brz-translate-text=\"1\" class=\"brz-span brz-text__editor\">Kraftstoff<\/span><\/div>\n<\/th>\n<td class=\"brz-table__td\">\n<div class=\"brz-d-xs-flex brz-flex-xs-column\">\n<div id=\"\" class=\"brz-css-1a5184 brz-css-1ki9xo8 brz-wrapper\">\n<div class=\"brz-rich-text brz-rich-text__custom brz-css-qk88vg brz-css-uengkt\" data-brz-custom-id=\"mulmynhpeahqmznnxlqawmaotwskpoecmyui\">\n<div data-brz-translate-text=\"1\">\n<p class=\"brz-ff-work_sans brz-ft-google brz-fw-lg-400 brz-fw-sm-im-400 brz-fw-xs-im-400 brz-css-iWCF4\"><span class=\"brz-cp-color2\">Benzin<\/span><\/p>\n<\/div>\n<\/div>\n<\/div>\n<\/div>\n<\/td>\n<\/tr>\n<tr class=\"brz-table__tr\">\n<th class=\"brz-table__th brz-table__aside brz-css-ymor55 brz-css-1yovkvb\">\n<div class=\"brz-table__th--btn\"><span data-brz-translate-text=\"1\" class=\"brz-span brz-text__editor\">Gewicht<\/span><\/div>\n<\/th>\n<td class=\"brz-table__td\">\n<div class=\"brz-d-xs-flex brz-flex-xs-column\">\n<div id=\"\" class=\"brz-css-1a5184 brz-css-17gturj brz-wrapper\">\n<div class=\"brz-rich-text brz-rich-text__custom brz-css-qk88vg brz-css-jb61i9\" data-brz-custom-id=\"asdzclhmcnclyjvvlfrdxaksbeufqfaayrym\">\n<div data-brz-translate-text=\"1\">\n<p class=\"brz-fw-xs-im-400 brz-fw-sm-im-400 brz-fw-lg-400 brz-ft-google brz-ff-work_sans brz-css-sYWU7\"><span class=\"brz-cp-color2\">ca. 95 kg<\/span><\/p>\n<\/div>\n<\/div>\n<\/div>\n<\/div>\n<\/td>\n<\/tr>\n<tr class=\"brz-table__tr\">\n<th class=\"brz-table__th brz-table__aside brz-css-ymor55 brz-css-1kq7ec1\">\n<div class=\"brz-table__th--btn\"><span data-brz-translate-text=\"1\" class=\"brz-span brz-text__editor\">B\u00fcrsten<\/span><\/div>\n<\/th>\n<td class=\"brz-table__td\">\n<div class=\"brz-d-xs-flex brz-flex-xs-column\">\n<div id=\"\" class=\"brz-css-1a5184 brz-css-107iw1q brz-wrapper\">\n<div class=\"brz-rich-text brz-rich-text__custom brz-css-qk88vg brz-css-1mowezo\" data-brz-custom-id=\"eiskaqgqtyrsycmxrqfxqszzhykncdnqgicn\">\n<div data-brz-translate-text=\"1\">\n<p class=\"brz-ff-work_sans brz-ft-google brz-fw-lg-400 brz-fw-sm-im-400 brz-fw-xs-im-400 brz-css-ttrw6\"><span class=\"brz-cp-color2\">3 in sich drehende Drahtb\u00fcrsten mit je 4 Z\u00f6pfen<\/span><\/p>\n<\/div>\n<\/div>\n<\/div>\n<\/div>\n<\/td>\n<\/tr>\n<tr class=\"brz-table__tr\">\n<th class=\"brz-table__th brz-table__aside brz-css-ymor55 brz-css-1ej89k2\">\n<div class=\"brz-table__th--btn\"><span data-brz-translate-text=\"1\" class=\"brz-span brz-text__editor\">Arbeitsbreite<\/span><\/div>\n<\/th>\n<td class=\"brz-table__td\">\n<div class=\"brz-d-xs-flex brz-flex-xs-column\">\n<div id=\"\" class=\"brz-css-1a5184 brz-css-1thqi42 brz-wrapper\">\n<div class=\"brz-rich-text brz-rich-text__custom brz-css-qk88vg brz-css-1xpvjwi\" data-brz-custom-id=\"yvjcsgesnvtkzyrtakotgpohhfxcwaxlxbdu\">\n<div data-brz-translate-text=\"1\">\n<p class=\"brz-ff-work_sans brz-ft-google brz-fw-lg-400 brz-fw-sm-im-400 brz-fw-xs-im-400 brz-css-rEG4C\"><span class=\"brz-cp-color2\">660 mm<\/span><\/p>\n<\/div>\n<\/div>\n<\/div>\n<\/div>\n<\/td>\n<\/tr>\n<tr class=\"brz-table__tr\">\n<th class=\"brz-table__th brz-table__aside brz-css-ymor55 brz-css-ovgqmk\">\n<div class=\"brz-table__th--btn\"><span data-brz-translate-text=\"1\" class=\"brz-span brz-text__editor\">Preis<\/span><\/div>\n<\/th>\n<td class=\"brz-table__td\">\n<div class=\"brz-d-xs-flex brz-flex-xs-column\">\n<div id=\"\" class=\"brz-css-1a5184 brz-css-18si59y brz-wrapper\">\n<div class=\"brz-rich-text brz-rich-text__custom brz-css-qk88vg brz-css-1bwbx7y\" data-brz-custom-id=\"flqcrdevfhkjeeftkkhihecnnzqgmcsdcyqp\">\n<div data-brz-translate-text=\"1\">\n<p class=\"brz-fw-xs-im-400 brz-fw-sm-im-400 brz-fw-lg-400 brz-ft-google brz-ff-work_sans brz-css-uJk72\"><span class=\"brz-cp-color2\">60 \u20ac \/ Tag<\/span><\/p>\n<\/div>\n<\/div>\n<\/div>\n<\/div>\n<\/td>\n<\/tr>\n<tr class=\"brz-table__tr\">\n<th class=\"brz-table__th brz-table__aside brz-css-ymor55 brz-css-fp8jnm\">\n<div class=\"brz-table__th--btn\"><span data-brz-translate-text=\"1\" class=\"brz-span brz-text__editor\">zzgl. ein Satz Drahtz\u00f6pfe<\/span><\/div>\n<\/th>\n<td class=\"brz-table__td\">\n<div class=\"brz-d-xs-flex brz-flex-xs-column\">\n<div id=\"\" class=\"brz-css-1a5184 brz-css-lgj1i brz-wrapper\">\n<div class=\"brz-rich-text brz-rich-text__custom brz-css-qk88vg brz-css-qyyfq4\" data-brz-custom-id=\"jmadtdmnctkkztfuxzciezgaiefzxqwolvgs\">\n<div data-brz-translate-text=\"1\">\n<p class=\"brz-ff-work_sans brz-ft-google brz-fw-lg-400 brz-fw-sm-im-400 brz-fw-xs-im-400 brz-css-srrAk\"><span class=\"brz-cp-color2\">75 \u20ac<\/span><\/p>\n<\/div>\n<\/div>\n<\/div>\n<\/div>\n<\/td>\n<\/tr>\n<tr class=\"brz-table__tr\">\n<th class=\"brz-table__th brz-table__aside brz-css-ymor55 brz-css-gmunge\">\n<div class=\"brz-table__th--btn\"><span data-brz-translate-text=\"1\" class=\"brz-span brz-text__editor\">Kaution<\/span><\/div>\n<\/th>\n<td class=\"brz-table__td\">\n<div class=\"brz-d-xs-flex brz-flex-xs-column\">\n<div id=\"\" class=\"brz-css-1a5184 brz-css-14g49kv brz-wrapper\">\n<div class=\"brz-rich-text brz-rich-text__custom brz-css-qk88vg brz-css-tlzzog\" data-brz-custom-id=\"nytrbkqnmfjyovzbumaafvjktbumlcwevhwg\">\n<div data-brz-translate-text=\"1\">\n<p class=\"brz-ff-work_sans brz-ft-google brz-fw-lg-400 brz-fw-sm-im-400 brz-fw-xs-im-400 brz-css-kbznD\"><span class=\"brz-cp-color2\">150 \u20ac<\/span><\/p>\n<\/div>\n<\/div>\n<\/div>\n<\/div>\n<\/td>\n<\/tr>\n<\/tbody>\n<\/table>\n<\/div>\n<div class=\"brz-wrapper-clone brz-flex-xs-wrap brz-css-4kihe5 brz-css-1j1svd2\" data-brz-custom-id=\"selovxwruhfirhldiawmbqznxpefikdbchax\"><a class=\"brz-a brz-btn brz-css-mqs0cj brz-css-f1r32w brz-css-1blluk9 brz-css-6wrzxl\" href=\"https:\/\/schemmel.group\/arbeitsbuehnen\/wp-content\/uploads\/2023\/05\/wildkrautbuerste-kor1.pdf\" target=\"_blank\" rel=\"noopener\" data-brz-link-type=\"external\" data-brz-custom-id=\"sqstzqsszvndlfhcquyavupeznelhdtcyxhl\"><svg class=\"brz-icon-svg align-[initial] brz-css-1cha9vu brz-css-ut92qb\"><use href=\"\/arbeitsbuehnen\/wp-content\/plugins\/brizy\/public\/editor-build\/prod\/editor\/icons\/glyph\/tail-right.svg#nc_icon\"><\/use><\/svg><span data-brz-translate-text=\"1\" class=\"brz-span brz-text__editor\">FLYER &amp; DATENBLATT<\/span><\/a><\/div>\n<\/div>\n<\/div>\n<div class=\"brz-columns brz-css-zz0qw4 brz-css-1k0qz19\" data-brz-custom-id=\"ipbfgtoaksfgijckcopnmipsgncozfnllfto\">\n<div class=\"brz-column__items brz-css-1q1h6qh brz-css-2e6dmj\">\n<div id=\"\" class=\"brz-css-1a5184 brz-css-l2b3ph brz-wrapper\">\n<div class=\"brz-image brz-css-rplrsr brz-css-bef48b\" data-brz-custom-id=\"evfsjlfcbsklqrczbpvdcgzbnqzhgdjkxazs\"><picture class=\"brz-picture brz-d-block brz-p-relative brz-css-8k5kzu brz-css-9vf2vu\"><source srcset=\"https:\/\/schemmel.group\/arbeitsbuehnen\/wp-content\/uploads\/brizy\/imgs\/wildkrautbuerste-2-598x739x3x0x592x739x1684137354.jpg 1x, https:\/\/schemmel.group\/arbeitsbuehnen\/wp-content\/uploads\/brizy\/imgs\/wildkrautbuerste-2-1196x1478x6x0x1184x1478x1684137354.jpg 2x\" media=\"(min-width: 992px)\"><source srcset=\"https:\/\/schemmel.group\/arbeitsbuehnen\/wp-content\/uploads\/brizy\/imgs\/wildkrautbuerste-2-440x543x63x0x314x543x1684137354.jpg 1x, https:\/\/schemmel.group\/arbeitsbuehnen\/wp-content\/uploads\/brizy\/imgs\/wildkrautbuerste-2-880x1086x126x0x628x1086x1684137354.jpg 2x\" media=\"(min-width: 768px)\"><img decoding=\"async\" class=\"brz-img\" srcset=\"https:\/\/schemmel.group\/arbeitsbuehnen\/wp-content\/uploads\/brizy\/imgs\/wildkrautbuerste-2-430x531x0x80x430x372x1684137354.jpg 1x, https:\/\/schemmel.group\/arbeitsbuehnen\/wp-content\/uploads\/brizy\/imgs\/wildkrautbuerste-2-860x1062x0x160x860x744x1684137354.jpg 2x\" src=\"https:\/\/schemmel.group\/arbeitsbuehnen\/wp-content\/uploads\/brizy\/imgs\/wildkrautbuerste-2-598x739x3x0x592x739x1684137354.jpg\" alt=\"\" title=\"wildkrautbuerste-2\" draggable=\"false\" loading=\"lazy\"><\/picture><\/div>\n<\/div>\n<\/div>\n<\/div>\n<\/div>\n<\/div>\n<\/div>\n<\/div>\n<\/section>\n<\/div>\n<p>    <!-- version:1761549090 --><\/p>\n","protected":false},"excerpt":{"rendered":"<p>TECHNISCHE DATEN WILDKRAUTB\u00dcRSTE Mit der Wildkrautb\u00fcrste wird Gr\u00fcnbewuchs auf befestigten Fl\u00e4chen effektiv entfernt und das ganz ohne Chemie. Durch den klappbaren Spritzschutz ist die Unkrautbeseitigung bis an die Kanten m\u00f6glich. TYP Westermann WKB 660 Motorleistung 4,5 PS Kraftstoff Benzin Gewicht ca. 95 kg B\u00fcrsten 3 in sich drehende Drahtb\u00fcrsten mit je 4 Z\u00f6pfen Arbeitsbreite 660 [&hellip;]<\/p>\n","protected":false},"author":1,"featured_media":0,"parent":0,"menu_order":0,"comment_status":"closed","ping_status":"closed","template":"brizy-blank-template.php","meta":{"footnotes":""},"class_list":["post-1268","page","type-page","status-publish","hentry","wpbf-post"],"_links":{"self":[{"href":"https:\/\/schemmel.group\/arbeitsbuehnen\/wp-json\/wp\/v2\/pages\/1268","targetHints":{"allow":["GET"]}}],"collection":[{"href":"https:\/\/schemmel.group\/arbeitsbuehnen\/wp-json\/wp\/v2\/pages"}],"about":[{"href":"https:\/\/schemmel.group\/arbeitsbuehnen\/wp-json\/wp\/v2\/types\/page"}],"author":[{"embeddable":true,"href":"https:\/\/schemmel.group\/arbeitsbuehnen\/wp-json\/wp\/v2\/users\/1"}],"replies":[{"embeddable":true,"href":"https:\/\/schemmel.group\/arbeitsbuehnen\/wp-json\/wp\/v2\/comments?post=1268"}],"version-history":[{"count":29,"href":"https:\/\/schemmel.group\/arbeitsbuehnen\/wp-json\/wp\/v2\/pages\/1268\/revisions"}],"predecessor-version":[{"id":2761,"href":"https:\/\/schemmel.group\/arbeitsbuehnen\/wp-json\/wp\/v2\/pages\/1268\/revisions\/2761"}],"wp:attachment":[{"href":"https:\/\/schemmel.group\/arbeitsbuehnen\/wp-json\/wp\/v2\/media?parent=1268"}],"curies":[{"name":"wp","href":"https:\/\/api.w.org\/{rel}","templated":true}]}}