{"id":1730,"date":"2022-04-08T14:35:31","date_gmt":"2022-04-08T12:35:31","guid":{"rendered":"https:\/\/schemmel.group\/arbeitsbuehnen\/?page_id=1730"},"modified":"2025-06-04T19:21:14","modified_gmt":"2025-06-04T17:21:14","slug":"vertikalmastbuehne","status":"publish","type":"page","link":"https:\/\/schemmel.group\/arbeitsbuehnen\/vertikalmastbuehne\/","title":{"rendered":"Vertikalmastb\u00fchne"},"content":{"rendered":"<div class=\"brz-root__container brz-reset-all\">\n<section data-uid=\"olgdtredwszogrudgtnibnhvgufqooytnezb\" id=\"olgdtredwszogrudgtnibnhvgufqooytnezb\" class=\"brz-section brz-css-cuvut\">\n<div class=\"brz-section__content brz-section--boxed brz-css-dyfrt brz-css-hjvhc\" data-custom-id=\"lhhlfzktezblclnrffizamhgamqjgerlndxr\">\n<div class=\"brz-bg\">\n<div class=\"brz-bg-color\"><\/div>\n<\/div>\n<div class=\"brz-container brz-css-nzaaz brz-css-dirwk\">\n<div class=\"brz-row__container brz-css-ajpyh brz-css-idkwb\" data-custom-id=\"muxuhndthiowmcuyapfnyvhiuoxufwbedxjx\">\n<div class=\"brz-row brz-css-ohgbd brz-css-crzzm\">\n<div class=\"brz-columns brz-css-gwzkd brz-css-nvahb\" data-custom-id=\"mjiixkaipmhbtcttdqjxmdtfsejecgfhnqbw\">\n<div class=\"brz-column__items brz-css-teiza brz-css-mcueg\">\n<div class=\"brz-css-dkszw brz-wrapper\">\n<div class=\"brz-rich-text brz-css-qynwu\" data-custom-id=\"diwdgfthiolceucmuqoobqpiprqppokvinwt\">\n<p class=\"brz-tp-abovetitle brz-text-lg-left\"><span class=\"brz-cp-color2\" style=\"opacity: 0.8\">TECHNISCHE DATEN<\/span><\/p>\n<\/div>\n<\/div>\n<div class=\"brz-css-dkszw brz-css-pkpll brz-wrapper\">\n<div class=\"brz-rich-text brz-css-qynwu\" data-custom-id=\"gqpawpdzwkvwdvabuhzjydeeaiodewnqzeal\">\n<h2 class=\"brz-text-lg-left brz-tp-heading2\"><span class=\"brz-cp-color2\">VERTIKALMASTB\u00dcHNEN <\/span><\/h2>\n<\/div>\n<\/div>\n<div class=\"brz-css-dkszw brz-wrapper\">\n<div class=\"brz-rich-text brz-css-qynwu\" data-custom-id=\"krzdamxhtggduaaclwobmgzmxxnyyidhabps\">\n<p class=\"brz-text-lg-left brz-tp-subtitle\"><span class=\"brz-cp-color2\">Die idealen Vertikalmastb\u00fchnen f\u00fcr den Inneneinsatz. Auf engstem Raum man\u00f6vrierf\u00e4hig.<\/span><\/p>\n<\/div>\n<\/div>\n<div class=\"brz-css-dkszw brz-css-ymbbx brz-wrapper\">\n<div class=\"brz-spacer brz-css-udtxt brz-css-xevod\"><\/div>\n<\/div>\n<div class=\"brz-css-dkszw brz-css-bogcp brz-wrapper c-table\">\n<table class=\"brz-table brz-css-qfnit brz-css-bowyc\" data-custom-id=\"oovxvsmizfognacdopqzqnhvivhoqphkbbem\">\n<thead class=\"brz-table__head brz-css-ipgon brz-css-qbenp\">\n<tr class=\"brz-table__tr\">\n<th class=\"brz-table__th brz-table__aside\">\n<div class=\"brz-table__th--btn\"><span class=\"brz-span brz-text__editor\">TYP<\/span><\/div>\n<\/th>\n<th class=\"brz-table__th brz-table__aside\">\n<div class=\"brz-table__th--btn\"><span class=\"brz-span brz-text__editor\">Haulotte Star 10<\/span><\/div>\n<\/th>\n<\/tr>\n<\/thead>\n<tbody class=\"brz-table__body brz-css-ugrel brz-css-atyor\">\n<tr class=\"brz-table__tr\">\n<th class=\"brz-table__th brz-table__aside\">\n<div class=\"brz-table__th--btn\"><span class=\"brz-span brz-text__editor\">Arbeitsh\u00f6he<\/span><\/div>\n<\/th>\n<td class=\"brz-table__td\">\n<div class=\"brz-d-xs-flex brz-flex-xs-column\">\n<div class=\"brz-css-dkszw brz-css-bnzzm brz-wrapper\">\n<div class=\"brz-rich-text brz-css-qynwu\" data-custom-id=\"umxvuknibmempnupckkdisuboeqjicrnacfp\">\n<p class=\"brz-ff-work_sans brz-ft-google brz-fw-lg-400 brz-fw-sm-im-400 brz-fw-xs-im-400\"><span class=\"brz-cp-color2\">10 m<\/span><\/p>\n<\/div>\n<\/div>\n<\/div>\n<\/td>\n<\/tr>\n<tr class=\"brz-table__tr\">\n<th class=\"brz-table__th brz-table__aside\">\n<div class=\"brz-table__th--btn\"><span class=\"brz-span brz-text__editor\">Plattformh\u00f6he<\/span><\/div>\n<\/th>\n<td class=\"brz-table__td\">\n<div class=\"brz-d-xs-flex brz-flex-xs-column\">\n<div class=\"brz-css-dkszw brz-css-zvzpz brz-wrapper\">\n<div class=\"brz-rich-text brz-css-qynwu\" data-custom-id=\"ifnfmalumsbpnoebxchjxpyuskhexvsirvmb\">\n<p class=\"brz-ff-work_sans brz-ft-google brz-fw-lg-400 brz-fw-sm-im-400 brz-fw-xs-im-400\"><span class=\"brz-cp-color2\">8 m<\/span><\/p>\n<\/div>\n<\/div>\n<\/div>\n<\/td>\n<\/tr>\n<tr class=\"brz-table__tr\">\n<th class=\"brz-table__th brz-table__aside\">\n<div class=\"brz-table__th--btn\"><span class=\"brz-span brz-text__editor\">Seitliche Reichweite<\/span><\/div>\n<\/th>\n<td class=\"brz-table__td\">\n<div class=\"brz-d-xs-flex brz-flex-xs-column\">\n<div class=\"brz-css-dkszw brz-css-zozel brz-wrapper\">\n<div class=\"brz-rich-text brz-css-qynwu\" data-custom-id=\"ftazzfcrzwaumglqzmwasuitjougcinbdgvl\">\n<p class=\"brz-fw-xs-im-400 brz-fw-sm-im-400 brz-fw-lg-400 brz-ft-google brz-ff-work_sans\"><span class=\"brz-cp-color2\">3 m<\/span><\/p>\n<\/div>\n<\/div>\n<\/div>\n<\/td>\n<\/tr>\n<tr class=\"brz-table__tr\">\n<th class=\"brz-table__th brz-table__aside\">\n<div class=\"brz-table__th--btn\"><span class=\"brz-span brz-text__editor\">Korblast\/Tragf\u00e4higkeit<\/span><\/div>\n<\/th>\n<td class=\"brz-table__td\">\n<div class=\"brz-d-xs-flex brz-flex-xs-column\">\n<div class=\"brz-css-dkszw brz-css-vitew brz-wrapper\">\n<div class=\"brz-rich-text brz-css-qynwu\" data-custom-id=\"fvhechmazblinrznaxkjryrqzgmvxrsonybe\">\n<p class=\"brz-ff-work_sans brz-ft-google brz-fw-lg-400 brz-fw-sm-im-400 brz-fw-xs-im-400\"><span class=\"brz-cp-color2\">200 kg<\/span><\/p>\n<\/div>\n<\/div>\n<\/div>\n<\/td>\n<\/tr>\n<tr class=\"brz-table__tr\">\n<th class=\"brz-table__th brz-table__aside\">\n<div class=\"brz-table__th--btn\"><span class=\"brz-span brz-text__editor\">Plattformgr\u00f6\u00dfe<\/span><\/div>\n<\/th>\n<td class=\"brz-table__td\">\n<div class=\"brz-d-xs-flex brz-flex-xs-column\">\n<div class=\"brz-css-dkszw brz-css-kkwwt brz-wrapper\">\n<div class=\"brz-rich-text brz-css-qynwu\" data-custom-id=\"fhjjyszsefbqxiayelozyelkhoqfndwaysta\">\n<p class=\"brz-ff-work_sans brz-ft-google brz-fw-lg-400 brz-fw-sm-im-400 brz-fw-xs-im-400\"><span class=\"brz-cp-color2\">0,78 x 0,98 m<\/span><\/p>\n<\/div>\n<\/div>\n<\/div>\n<\/td>\n<\/tr>\n<tr class=\"brz-table__tr\">\n<th class=\"brz-table__th brz-table__aside\">\n<div class=\"brz-table__th--btn\"><span class=\"brz-span brz-text__editor\">Gesamtl\u00e4nge<\/span><\/div>\n<\/th>\n<td class=\"brz-table__td\">\n<div class=\"brz-d-xs-flex brz-flex-xs-column\">\n<div class=\"brz-css-dkszw brz-css-ncxtw brz-wrapper\">\n<div class=\"brz-rich-text brz-css-qynwu\" data-custom-id=\"sntxrvjlbmikvqwigxnwobeufarlototazlx\">\n<p class=\"brz-fw-xs-im-400 brz-fw-sm-im-400 brz-fw-lg-400 brz-ft-google brz-ff-work_sans\"><span class=\"brz-cp-color2\">2,7 m<\/span><\/p>\n<\/div>\n<\/div>\n<\/div>\n<\/td>\n<\/tr>\n<tr class=\"brz-table__tr\">\n<th class=\"brz-table__th brz-table__aside\">\n<div class=\"brz-table__th--btn\"><span class=\"brz-span brz-text__editor\">Gesamtbreite<\/span><\/div>\n<\/th>\n<td class=\"brz-table__td\">\n<div class=\"brz-d-xs-flex brz-flex-xs-column\">\n<div class=\"brz-css-dkszw brz-css-dvaqr brz-wrapper\">\n<div class=\"brz-rich-text brz-css-qynwu\" data-custom-id=\"kmsubzhkkupcblihqulaqrelnohuybkoyibf\">\n<p class=\"brz-ff-work_sans brz-ft-google brz-fw-lg-400 brz-fw-sm-im-400 brz-fw-xs-im-400\"><span class=\"brz-cp-color2\">1 m<\/span><\/p>\n<\/div>\n<\/div>\n<\/div>\n<\/td>\n<\/tr>\n<tr class=\"brz-table__tr\">\n<th class=\"brz-table__th brz-table__aside\">\n<div class=\"brz-table__th--btn\"><span class=\"brz-span brz-text__editor\">H\u00f6he im eingefahrenen Zustand<\/span><\/div>\n<\/th>\n<td class=\"brz-table__td\">\n<div class=\"brz-d-xs-flex brz-flex-xs-column\">\n<div class=\"brz-css-dkszw brz-css-prmej brz-wrapper\">\n<div class=\"brz-rich-text brz-css-qynwu\" data-custom-id=\"awfkgbsroatzifipnjffzgttawthbwsxvrpb\">\n<p class=\"brz-fw-xs-im-400 brz-fw-sm-im-400 brz-fw-lg-400 brz-ft-google brz-ff-work_sans\"><span class=\"brz-cp-color2\">1,99 m<\/span><\/p>\n<\/div>\n<\/div>\n<\/div>\n<\/td>\n<\/tr>\n<tr class=\"brz-table__tr\">\n<th class=\"brz-table__th brz-table__aside\">\n<div class=\"brz-table__th--btn\"><span class=\"brz-span brz-text__editor\">Radstand<\/span><\/div>\n<\/th>\n<td class=\"brz-table__td\">\n<div class=\"brz-d-xs-flex brz-flex-xs-column\">\n<div class=\"brz-css-dkszw brz-css-kwhez brz-wrapper\">\n<div class=\"brz-rich-text brz-css-qynwu\" data-custom-id=\"bedzsgrncuttbbkjbhllbgzkbryavcoxmgnu\">\n<p class=\"brz-ff-work_sans brz-ft-google brz-fw-lg-400 brz-fw-sm-im-400 brz-fw-xs-im-400\"><span class=\"brz-cp-color2\">1,2 m<\/span><\/p>\n<\/div>\n<\/div>\n<\/div>\n<\/td>\n<\/tr>\n<tr class=\"brz-table__tr\">\n<th class=\"brz-table__th brz-table__aside\">\n<div class=\"brz-table__th--btn\"><span class=\"brz-span brz-text__editor\">Bodenfreiheit<\/span><\/div>\n<\/th>\n<td class=\"brz-table__td\">\n<div class=\"brz-d-xs-flex brz-flex-xs-column\">\n<div class=\"brz-css-dkszw brz-css-tecuf brz-wrapper\">\n<div class=\"brz-rich-text brz-css-qynwu\" data-custom-id=\"bsnklahpjvetbltaugmolkadvtmpoetboumx\">\n<p class=\"brz-fw-xs-im-400 brz-fw-sm-im-400 brz-fw-lg-400 brz-ft-google brz-ff-work_sans\"><span class=\"brz-cp-color2\">10 cm<\/span><\/p>\n<\/div>\n<\/div>\n<\/div>\n<\/td>\n<\/tr>\n<tr class=\"brz-table__tr\">\n<th class=\"brz-table__th brz-table__aside\">\n<div class=\"brz-table__th--btn\"><span class=\"brz-span brz-text__editor\">\u00c4u\u00dferer Wenderadius<\/span><\/div>\n<\/th>\n<td class=\"brz-table__td\">\n<div class=\"brz-d-xs-flex brz-flex-xs-column\">\n<div class=\"brz-css-dkszw brz-css-xhgit brz-wrapper\">\n<div class=\"brz-rich-text brz-css-qynwu\" data-custom-id=\"mmbeekouwdmghjdonlvcbkvflzbidrzoikgk\">\n<p class=\"brz-ff-work_sans brz-ft-google brz-fw-lg-400 brz-fw-sm-im-400 brz-fw-xs-im-400\"><span class=\"brz-cp-color2\">1,88 m<\/span><\/p>\n<\/div>\n<\/div>\n<\/div>\n<\/td>\n<\/tr>\n<tr class=\"brz-table__tr\">\n<th class=\"brz-table__th brz-table__aside\">\n<div class=\"brz-table__th--btn\"><span class=\"brz-span brz-text__editor\">Schwenkbereich<\/span><\/div>\n<\/th>\n<td class=\"brz-table__td\">\n<div class=\"brz-d-xs-flex brz-flex-xs-column\">\n<div class=\"brz-css-dkszw brz-css-gzyhx brz-wrapper\">\n<div class=\"brz-rich-text brz-css-qynwu\" data-custom-id=\"kypzdovcvjmkanohvmhxygtpptwpodpcwusq\">\n<p class=\"brz-fw-xs-im-400 brz-fw-sm-im-400 brz-fw-lg-400 brz-ft-google brz-ff-work_sans\"><span class=\"brz-cp-color2\">345 \u00b0<\/span><\/p>\n<\/div>\n<\/div>\n<\/div>\n<\/td>\n<\/tr>\n<tr class=\"brz-table__tr\">\n<th class=\"brz-table__th brz-table__aside\">\n<div class=\"brz-table__th--btn\"><span class=\"brz-span brz-text__editor\">Nicht-markierende Reifen<\/span><\/div>\n<\/th>\n<td class=\"brz-table__td\">\n<div class=\"brz-d-xs-flex brz-flex-xs-column\">\n<div class=\"brz-css-dkszw brz-css-ftumn brz-wrapper\">\n<div class=\"brz-rich-text brz-css-qynwu\" data-custom-id=\"ctghkxmzygftbfbbsetzlnzafadxsnycrkzm\">\n<p class=\"brz-fw-xs-im-400 brz-fw-sm-im-400 brz-fw-lg-400 brz-ft-google brz-ff-work_sans\"><span class=\"brz-cp-color2\">Ja<\/span><\/p>\n<\/div>\n<\/div>\n<\/div>\n<\/td>\n<\/tr>\n<\/tbody>\n<\/table>\n<\/div>\n<div class=\"brz-wrapper-clone brz-css-rheew brz-css-vltqp\">\n<div class=\"brz-d-xs-flex brz-flex-xs-wrap brz-css-kztto brz-css-kswbl\">\n<div class=\"brz-wrapper-clone__item brz-css-mlrvp\" id=\"fdiraolnfchrenzrzduotvdjswiodfjkgkls\"><a class=\"brz-a brz-btn brz-css-jeoep\" href=\"https:\/\/schemmel.group\/arbeitsbuehnen\/wp-content\/uploads\/2022\/04\/schemmel-haulotte-star10.pdf\" target=\"_blank\" data-brz-link-type=\"external\" data-custom-id=\"fdiraolnfchrenzrzduotvdjswiodfjkgkls\"><span class=\"brz-span brz-text__editor\">FLYER &amp; DATENBLATT<\/span><\/a><\/div>\n<\/div>\n<\/div>\n<\/div>\n<\/div>\n<div class=\"brz-columns brz-css-gwzkd brz-css-anuqo\" data-custom-id=\"jsvgrxnysuhgbftrodpynxzybvzpdzesfnzm\">\n<div class=\"brz-column__items brz-css-teiza brz-css-joeob\">\n<div class=\"brz-css-dkszw brz-css-bekrv brz-wrapper\">\n<div class=\"brz-image brz-css-bnmwu brz-css-aspzo\"><img decoding=\"async\" class=\"brz-img brz-p-absolute\" src=\"https:\/\/schemmel.group\/arbeitsbuehnen\/wp-content\/uploads\/brizy\/1730\/assets\/images\/iW=592&amp;iH=788&amp;oX=0&amp;oY=4&amp;cW=592&amp;cH=780\/BTMGKFkuAjlUfgJjDjgDZg.jpg\" alt=\"\" loading=\"lazy\" \/><\/div>\n<\/div>\n<\/div>\n<\/div>\n<\/div>\n<\/div>\n<\/div>\n<\/div>\n<\/section>\n<section data-uid=\"pbykxkpcoenecqfbfufajsowliruxirqnbwk\" id=\"pbykxkpcoenecqfbfufajsowliruxirqnbwk\" class=\"brz-section brz-css-cuvut\">\n<div class=\"brz-section__content brz-section--boxed brz-css-dyfrt brz-css-neyxg\" data-custom-id=\"dslrklkmnjmnpuqgyesvqrzxoasvktlkbpez\">\n<div class=\"brz-bg\">\n<div class=\"brz-bg-color\"><\/div>\n<\/div>\n<div class=\"brz-container brz-css-nzaaz\">\n<div class=\"brz-css-dkszw brz-wrapper\">\n<div class=\"brz-rich-text brz-css-qynwu\" data-custom-id=\"tyybogmekozzzvjqrqawupfkikaobipxslhv\">\n<p class=\"brz-tp-heading1 brz-text-lg-center\"><span class=\"brz-cp-color2\">MIETANFRAGE <\/span><\/p>\n<\/div>\n<\/div>\n<div class=\"brz-css-dkszw brz-wrapper\">\n<div class=\"brz-line brz-css-xxpum brz-css-erlcz\" data-custom-id=\"gfkfeqxprpffnwzyhozqumeguuvyubxldvze\">\n<hr class=\"brz-hr\" \/><\/div>\n<\/div>\n<div class=\"brz-css-dkszw brz-css-ymbbx brz-wrapper\">\n<div class=\"brz-spacer brz-css-udtxt brz-css-hhjyd\"><\/div>\n<\/div>\n<div class=\"brz-css-dkszw brz-wrapper\">\n<div data-form-version=\"2\" class=\"brz-forms2 brz-css-zgzaz\" data-custom-id=\"ekubrcbqswvqsiodidqmqpwxcjrrhxgbmflx\">\n<div class=\"brz-forms2__item brz-css-iwqsu brz-css-gkpys brz-css-rlshx\">\n<div class=\"brz-forms2__field brz-forms2__field-select brz-css-xvdir brz-css-ushby\">Ger\u00e4t ausw\u00e4hlenScherenb\u00fchne Typ LScherenb\u00fchne Typ XLScherenb\u00fchne Typ XXLScherenb\u00fchne Typ Diesel 4&#215;4 Skyjack 6832 RTRaupenb\u00fchne Teupen Leo 15GTLKW-B\u00fchne Palfinger P 170 TXE SmartLKW-B\u00fchne Palfinger P 250 BKGelenkteleskopb\u00fchne niftylift HR12LGelenkteleskopb\u00fchne Haulotte HA 12IPGelenkteleskopb\u00fchne Manitou 150 AETJVertikalmastb\u00fchne Haulotte Star 10Wildkrautb\u00fcrste Westermann WKB 660<\/div>\n<\/div>\n<div class=\"brz-forms2__item brz-css-iwqsu brz-css-gkpys brz-css-rlshx brz-css-jlxbf\"><\/div>\n<div class=\"brz-forms2__item brz-css-iwqsu brz-css-gkpys brz-css-rlshx brz-css-dargp\"><\/div>\n<div class=\"brz-forms2__item brz-css-iwqsu brz-css-gkpys brz-css-rlshx brz-css-mrvwb\"><\/div>\n<div class=\"brz-forms2__item brz-css-iwqsu brz-css-gkpys brz-css-rlshx brz-css-iehpq\"><\/div>\n<div class=\"brz-forms2__item brz-css-iwqsu brz-css-gkpys brz-css-rlshx\"><\/div>\n<div class=\"brz-forms2__item brz-css-iwqsu brz-css-gkpys brz-css-rlshx brz-css-tnspx\"><\/div>\n<div class=\"brz-forms2__item brz-css-iwqsu brz-css-gkpys brz-css-rlshx brz-css-itklb\"><\/div>\n<div class=\"brz-forms2__item brz-css-iwqsu brz-css-gkpys brz-css-rlshx brz-css-khphe\"><\/div>\n<div class=\"brz-forms2__item brz-css-iwqsu brz-css-gkpys brz-css-rlshx brz-css-lqqpw\"><\/div>\n<div class=\"brz-forms2__item brz-css-iwqsu brz-css-gkpys brz-css-rlshx brz-css-kamcd\"><\/div>\n<div class=\"brz-forms2__item brz-css-iwqsu brz-css-gkpys brz-css-rlshx brz-css-lluvp\"><\/div>\n<div class=\"brz-forms2 brz-forms2__item brz-forms2__item-button\"><button class=\"brz-btn brz-btn-submit brz-css-jeoep brz-css-aakng\" data-custom-id=\"qhvkpqzjlawfjfkofuxxfmjweqhiyudjcltw\"><span class=\"brz-span brz-text__editor\">MIETANFRAGE SENDEN<\/span><\/button><\/div>\n<\/div>\n<\/div>\n<\/div>\n<\/div>\n<\/section>\n<section data-uid=\"mzzxkrdtlnvgikqajysjjdhkrrmlsjxsrbip\" id=\"mzzxkrdtlnvgikqajysjjdhkrrmlsjxsrbip\" class=\"brz-section brz-css-cuvut\">\n<div class=\"brz-section__content brz-section--boxed brz-css-dyfrt brz-css-pybih\" data-custom-id=\"xpqfezcrrxucayyloesbvblqmcabijqdbdqi\">\n<div class=\"brz-bg\">\n<div class=\"brz-bg-color\"><\/div>\n<\/div>\n<div class=\"brz-container brz-css-nzaaz\">\n<div class=\"brz-row__container brz-css-ajpyh brz-css-ihcaz\" data-custom-id=\"vxohxocfzxqiqerhunrrseqyqiroswhoxohz\">\n<div class=\"brz-row brz-css-ohgbd brz-css-eigth\">\n<div class=\"brz-columns brz-css-gwzkd brz-css-bkyzz\" data-custom-id=\"ldxhmumxisiabcwzhrknnjvyomeygbreodsc\">\n<div class=\"brz-column__items brz-css-teiza brz-css-znkzp\">\n<div class=\"brz-css-dkszw brz-wrapper\">\n<div class=\"brz-rich-text brz-css-qynwu\" data-custom-id=\"brgzdzdezlcbjvaotoaaycvuqbcspgxxofhi\">\n<h2 class=\"brz-tp-heading2\"><span class=\"brz-cp-color2\">KONTAKT<\/span><\/h2>\n<\/div>\n<\/div>\n<div class=\"brz-css-dkszw brz-wrapper\">\n<div class=\"brz-line brz-css-xxpum brz-css-pbkgb\" data-custom-id=\"tpstxmlshcjuprimzhfiidubgsqoebmiluxh\">\n<hr class=\"brz-hr\" \/><\/div>\n<\/div>\n<\/div>\n<\/div>\n<div class=\"brz-columns brz-css-gwzkd brz-css-llbpm\" data-custom-id=\"jrzooekiqrwgcdekwwyumpjeglpsatzgdyad\">\n<div class=\"brz-column__items brz-css-teiza brz-css-hplai\">\n<div class=\"brz-css-dkszw brz-css-ilwzg brz-wrapper\">\n<div class=\"brz-rich-text brz-css-qynwu\" data-custom-id=\"hhpwsqivwploxzdjqxmrwjaegzivcsliqdwo\">\n<h4 class=\"brz-tp-heading4\"><span class=\"brz-cp-color2\">ADRESSE<\/span><\/h4>\n<\/div>\n<\/div>\n<div class=\"brz-css-dkszw brz-css-lqyhw brz-wrapper\">\n<div class=\"brz-icon-text brz-css-ctktx brz-css-wgvvm\" data-custom-id=\"lgpqketpbwoczdcghmbthiluihqxkazdidwv\">\n<div class=\"brz-icon__container\" data-custom-id=\"saciluehowvjutcktncsimpjqhdsmrsybuai\"><span class=\"brz-span brz-icon css-5npguj\"><\/span><\/div>\n<div class=\"brz-text-btn\">\n<div class=\"brz-rich-text brz-css-qynwu\" data-custom-id=\"abwrsdpcohpihiudlqjywcfrqrbfamnpgpuo\">\n<p class=\"brz-fw-xs-im-300 brz-fw-sm-im-300 brz-fw-lg-400 brz-ft-google brz-ff-work_sans brz-ls-xs-im-0 brz-ls-sm-im-0 brz-ls-lg-0 brz-fs-xs-im-15 brz-fs-sm-im-15 brz-fs-lg-16 brz-text-lg-left brz-lh-lg-1_3 brz-lh-sm-im-1_4 brz-lh-xs-im-1_4\"><span class=\"brz-cp-color2\" style=\"opacity: 0.75\">Lennestra\u00dfe 57, <\/span><\/p>\n<p class=\"brz-fw-xs-im-300 brz-fw-sm-im-300 brz-fw-lg-400 brz-ft-google brz-ff-work_sans brz-ls-xs-im-0 brz-ls-sm-im-0 brz-ls-lg-0 brz-fs-xs-im-15 brz-fs-sm-im-15 brz-fs-lg-16 brz-text-lg-left brz-lh-lg-1_3 brz-lh-sm-im-1_4 brz-lh-xs-im-1_4\"><span style=\"opacity: 0.8\" class=\"brz-cp-color2\">58840 Plettenberg<\/span><\/p>\n<\/div>\n<\/div>\n<\/div>\n<\/div>\n<div class=\"brz-css-dkszw brz-css-xvpip brz-wrapper\">\n<div class=\"brz-rich-text brz-css-qynwu\" data-custom-id=\"iznnabzlnkzlzjiggbbygqzyhynnwjarnlmz\">\n<h4 class=\"brz-tp-heading4\"><span class=\"brz-cp-color2\">TELEFON<\/span><\/h4>\n<\/div>\n<\/div>\n<div class=\"brz-css-dkszw brz-css-paflf brz-wrapper\">\n<div class=\"brz-icon-text brz-css-ctktx brz-css-gjvum\" data-custom-id=\"iaakqjpidrpvypqwezyvkdxblbvmzbojepxz\">\n<div class=\"brz-icon__container\" data-custom-id=\"yxufkblzyqvzwidpnsmxneokpvbkqplcdrll\"><span class=\"brz-span brz-icon css-5npguj\"><\/span><\/div>\n<div class=\"brz-text-btn\">\n<div class=\"brz-rich-text brz-css-qynwu\" data-custom-id=\"okfcesjkugwaklbkuhaydszxrlhqghcnyvis\">\n<p class=\"brz-lh-sm-1_3 brz-lh-xs-im-2_5 brz-lh-lg-2_4 brz-fw-xs-im-300 brz-fw-sm-im-300 brz-fw-lg-400 brz-ft-google brz-ff-work_sans brz-ls-xs-im-0 brz-ls-sm-im-0 brz-ls-lg-0 brz-fs-xs-im-15 brz-fs-sm-im-15 brz-fs-lg-16 brz-text-lg-justify\"><span class=\"brz-cp-color2 brz-span\" style=\"opacity: 0.8\">+49 2391 60158-20<\/span><\/p>\n<\/div>\n<\/div>\n<\/div>\n<\/div>\n<div class=\"brz-css-dkszw brz-css-uubip brz-wrapper\">\n<div class=\"brz-rich-text brz-css-qynwu\" data-custom-id=\"xdaparffwgweiqjojuwiyjrlwijihznguush\">\n<h4 class=\"brz-tp-heading4\"><span class=\"brz-cp-color2\">E-MAIL<\/span><\/h4>\n<\/div>\n<\/div>\n<div class=\"brz-css-dkszw brz-css-smsmo brz-wrapper\">\n<div class=\"brz-icon-text brz-css-ctktx brz-css-kufel\" data-custom-id=\"mpqqcmfbjilzoaexoqmqlmsbsarrogjqboew\">\n<div class=\"brz-icon__container\" data-custom-id=\"enfdhmiibtqwkvlagyjbwwvnqdiuiiglpbhs\"><a class=\"brz-a\" href=\"mailto:dennis.schemmel@gmx.de\" data-brz-link-type=\"external\"><span class=\"brz-span brz-icon css-5npguj\"><\/span><\/a><\/div>\n<div class=\"brz-text-btn\">\n<div class=\"brz-rich-text brz-css-qynwu\" data-custom-id=\"tatcgqidmiobtlpducunchjpkdqwsqiddcyj\">\n<p class=\"brz-text-lg-justify brz-fs-lg-16 brz-fs-sm-im-15 brz-fs-xs-im-15 brz-ls-lg-0 brz-ls-sm-im-0 brz-ls-xs-im-0 brz-ff-work_sans brz-ft-google brz-fw-lg-400 brz-fw-sm-im-300 brz-fw-xs-im-300 brz-lh-lg-2_4 brz-lh-xs-im-2_5 brz-lh-sm-1_3\"><a href=\"mailto:info@schemmel.group\" style=\"opacity: 0.8\" class=\"link--external brz-cp-color2\" data-brz-link-type=\"external\">info@schemmel.group<\/a><\/p>\n<\/div>\n<\/div>\n<\/div>\n<\/div>\n<\/div>\n<\/div>\n<\/div>\n<\/div>\n<div class=\"brz-css-dkszw brz-css-ymbbx brz-wrapper\">\n<div class=\"brz-spacer brz-css-udtxt brz-css-kssdh\"><\/div>\n<\/div>\n<\/div>\n<\/div>\n<\/section>\n<section data-uid=\"eutemiztgjklmsymmgbjmczojpqudeqjjjfj\" id=\"eutemiztgjklmsymmgbjmczojpqudeqjjjfj\" class=\"brz-section brz-css-cuvut\">\n<div class=\"brz-section__content brz-section--fullWidth brz-css-dyfrt brz-css-nfsor\" data-custom-id=\"cjoevmqlfomlkhbtehdvebylrcuxtawyrrtx\">\n<div class=\"brz-bg\">\n<div class=\"brz-bg-color\"><\/div>\n<\/div>\n<div class=\"brz-container brz-css-nzaaz brz-css-zgrin\">\n<div class=\"brz-css-dkszw brz-wrapper\">\n<div class=\"brz-map brz-css-zyyue\" data-custom-id=\"cemkzxlndmgpxenzszkejuhnqvhabgtqnuaq\">\n<div class=\"brz-map-content\"><\/div>\n<\/div>\n<\/div>\n<\/div>\n<\/div>\n<\/section>\n<\/div>\n<p><!-- version:1743809183 --><\/p>\n","protected":false},"excerpt":{"rendered":"<p>TECHNISCHE DATEN VERTIKALMASTB\u00dcHNEN Die idealen Vertikalmastb\u00fchnen f\u00fcr den Inneneinsatz. Auf engstem Raum man\u00f6vrierf\u00e4hig. TYP Haulotte Star 10 Arbeitsh\u00f6he 10 m Plattformh\u00f6he 8 m Seitliche Reichweite 3 m Korblast\/Tragf\u00e4higkeit 200 kg Plattformgr\u00f6\u00dfe 0,78 x 0,98 m Gesamtl\u00e4nge 2,7 m Gesamtbreite 1 m H\u00f6he im eingefahrenen Zustand 1,99 m Radstand 1,2 m Bodenfreiheit 10 cm \u00c4u\u00dferer Wenderadius [&hellip;]<\/p>\n","protected":false},"author":1,"featured_media":0,"parent":0,"menu_order":0,"comment_status":"closed","ping_status":"closed","template":"brizy-blank-template.php","meta":{"footnotes":""},"class_list":["post-1730","page","type-page","status-publish","hentry","wpbf-post"],"_links":{"self":[{"href":"https:\/\/schemmel.group\/arbeitsbuehnen\/wp-json\/wp\/v2\/pages\/1730","targetHints":{"allow":["GET"]}}],"collection":[{"href":"https:\/\/schemmel.group\/arbeitsbuehnen\/wp-json\/wp\/v2\/pages"}],"about":[{"href":"https:\/\/schemmel.group\/arbeitsbuehnen\/wp-json\/wp\/v2\/types\/page"}],"author":[{"embeddable":true,"href":"https:\/\/schemmel.group\/arbeitsbuehnen\/wp-json\/wp\/v2\/users\/1"}],"replies":[{"embeddable":true,"href":"https:\/\/schemmel.group\/arbeitsbuehnen\/wp-json\/wp\/v2\/comments?post=1730"}],"version-history":[{"count":7,"href":"https:\/\/schemmel.group\/arbeitsbuehnen\/wp-json\/wp\/v2\/pages\/1730\/revisions"}],"predecessor-version":[{"id":2045,"href":"https:\/\/schemmel.group\/arbeitsbuehnen\/wp-json\/wp\/v2\/pages\/1730\/revisions\/2045"}],"wp:attachment":[{"href":"https:\/\/schemmel.group\/arbeitsbuehnen\/wp-json\/wp\/v2\/media?parent=1730"}],"curies":[{"name":"wp","href":"https:\/\/api.w.org\/{rel}","templated":true}]}}