{"id":210,"date":"2021-06-22T16:51:23","date_gmt":"2021-06-22T14:51:23","guid":{"rendered":"http:\/\/dev.correl.io\/schemmel\/wordpress\/?page_id=210"},"modified":"2025-12-17T22:33:44","modified_gmt":"2025-12-17T21:33:44","slug":"raupenbuehnen","status":"publish","type":"page","link":"https:\/\/schemmel.group\/arbeitsbuehnen\/raupenbuehnen\/","title":{"rendered":"Raupenb\u00fchnen"},"content":{"rendered":"<div class=\"brz-root__container brz-reset-all brz brz-root__container-page\">\n<section id=\"58165f4ef82c163d978d_sW0GqGCr9SUJ\" class=\"brz-section brz-css-561lid brz-css-1ppo07k\">\n<div class=\"brz-section__content brz-section--boxed brz-css-40h0q7 brz-css-r0pw1t\" data-brz-custom-id=\"bNOQHzS4rNCm\">\n<div class=\"brz-bg\">\n<div class=\"brz-bg-color\"><\/div>\n<\/div>\n<div class=\"brz-container brz-css-159cvd0 brz-css-wsusad\">\n<div class=\"brz-row__container brz-css-wjcl0a brz-css-1rs0rdg\" data-brz-custom-id=\"zpqULQ380Sp9\">\n<div class=\"brz-row brz-css-pvhmwk brz-css-140v4gk brz-css-e7ntt9\">\n<div class=\"brz-columns brz-css-1fnnpjp brz-css-6vozwv\" data-brz-custom-id=\"ge4iH6891ITJ\">\n<div class=\"brz-column__items brz-css-oeitf6 brz-css-xe89vm\">\n<div id=\"\" class=\"brz-css-3s1t7q brz-css-3phnab brz-wrapper\">\n<div class=\"brz-rich-text brz-rich-text__custom brz-css-1mou7ka brz-css-1jo87ya\" data-brz-custom-id=\"u_SFdXSuBChi\">\n<div data-brz-translate-text=\"1\">\n<p class=\"brz-tp-abovetitle brz-text-lg-left brz-css-faNKw\"><span class=\"brz-cp-color2\" style=\"opacity: 0.8;\">TECHNISCHE DATEN<\/span><\/p>\n<\/div>\n<\/div>\n<\/div>\n<div id=\"\" class=\"brz-css-3s1t7q brz-css-1rjn54x brz-wrapper\">\n<div class=\"brz-rich-text brz-rich-text__custom brz-css-1mou7ka brz-css-p2i11n\" data-brz-custom-id=\"z4EsnVKf2GS4\">\n<div data-brz-translate-text=\"1\">\n<h2 class=\"brz-tp-heading2 brz-text-lg-left brz-css-iVgQC\"><span class=\"brz-cp-color2\">RAUPENB\u00dcHNEN<\/span><\/h2>\n<\/div>\n<\/div>\n<\/div>\n<div id=\"\" class=\"brz-css-3s1t7q brz-css-k8mm3e brz-wrapper\">\n<div class=\"brz-rich-text brz-rich-text__custom brz-css-1mou7ka brz-css-oh94dg\" data-brz-custom-id=\"cJSRlmUXXw56\">\n<div data-brz-translate-text=\"1\">\n<p class=\"brz-tp-subtitle brz-text-lg-left brz-css-oBqGj\"><span class=\"brz-cp-color2\">Die idealen Raupenb\u00fchnen f\u00fcr den Au\u00dfen- und Inneneinsatz auch auf unwegsamem Gel\u00e4nde. Auf engstem Raum man\u00f6vrierf\u00e4hig.<\/span><\/p>\n<\/div>\n<\/div>\n<\/div>\n<div id=\"\" class=\"brz-css-3s1t7q brz-css-c5hx1k brz-css-18eiotm brz-wrapper\">\n<div class=\"brz-spacer brz-css-42fn55 brz-css-gvn72t\"><\/div>\n<\/div>\n<div id=\"\" class=\"brz-css-3s1t7q brz-css-19i0j5a brz-wrapper c-table\">\n<table class=\"brz-table brz-css-k5p0v4 brz-css-szmm0x\" data-brz-custom-id=\"bRw4D1_7_7yt\">\n<thead class=\"brz-table__head brz-css-1ehmug5 brz-css-tprr8m\">\n<tr class=\"brz-table__tr\">\n<th class=\"brz-table__th brz-table__aside brz-css-15v2mwz brz-css-vpgvni\">\n<div class=\"brz-table__th--btn\"><span data-brz-translate-text=\"1\" class=\"brz-span brz-text__editor\">TYP<\/span><\/div>\n<\/th>\n<th class=\"brz-table__th brz-table__aside brz-css-15v2mwz brz-css-qi9fpe\">\n<div class=\"brz-table__th--btn\"><span data-brz-translate-text=\"1\" class=\"brz-span brz-text__editor\">TEUPEN LEO 15GT<\/span><\/div>\n<\/th>\n<\/tr>\n<\/thead>\n<tbody class=\"brz-table__body brz-css-gvvw8h brz-css-61d0j6\">\n<tr class=\"brz-table__tr\">\n<th class=\"brz-table__th brz-table__aside brz-css-15v2mwz brz-css-cfuy3t\">\n<div class=\"brz-table__th--btn\"><span data-brz-translate-text=\"1\" class=\"brz-span brz-text__editor\">Arbeitsh\u00f6he<\/span><\/div>\n<\/th>\n<td class=\"brz-table__td\">\n<div class=\"brz-d-xs-flex brz-flex-xs-column\">\n<div id=\"\" class=\"brz-css-3s1t7q brz-css-11uyxkk brz-wrapper\">\n<div class=\"brz-rich-text brz-rich-text__custom brz-css-1mou7ka brz-css-1pa821e\" data-brz-custom-id=\"tyBS4u7GzYv1\">\n<div data-brz-translate-text=\"1\">\n<p class=\"brz-ff-work_sans brz-ft-google brz-fw-lg-400 brz-fw-sm-im-400 brz-fw-xs-im-400 brz-css-vLKBb\"><span class=\"brz-cp-color2\">14,9 m<\/span><\/p>\n<\/div>\n<\/div>\n<\/div>\n<\/div>\n<\/td>\n<\/tr>\n<tr class=\"brz-table__tr\">\n<th class=\"brz-table__th brz-table__aside brz-css-15v2mwz brz-css-b07myl\">\n<div class=\"brz-table__th--btn\"><span data-brz-translate-text=\"1\" class=\"brz-span brz-text__editor\">Seitliche Reichweite<\/span><\/div>\n<\/th>\n<td class=\"brz-table__td\">\n<div class=\"brz-d-xs-flex brz-flex-xs-column\">\n<div id=\"\" class=\"brz-css-3s1t7q brz-css-1g6mb53 brz-wrapper\">\n<div class=\"brz-rich-text brz-rich-text__custom brz-css-1mou7ka brz-css-170rky8\" data-brz-custom-id=\"xTdBxv4E1lYt\">\n<div data-brz-translate-text=\"1\">\n<p class=\"brz-fw-xs-im-400 brz-fw-sm-im-400 brz-fw-lg-400 brz-ft-google brz-ff-work_sans brz-css-u5qCw\"><span class=\"brz-cp-color2\">6,4 m<\/span><\/p>\n<\/div>\n<\/div>\n<\/div>\n<\/div>\n<\/td>\n<\/tr>\n<tr class=\"brz-table__tr\">\n<th class=\"brz-table__th brz-table__aside brz-css-15v2mwz brz-css-nkfvum\">\n<div class=\"brz-table__th--btn\"><span data-brz-translate-text=\"1\" class=\"brz-span brz-text__editor\">Arbeitskorb-Tragkraft<\/span><\/div>\n<\/th>\n<td class=\"brz-table__td\">\n<div class=\"brz-d-xs-flex brz-flex-xs-column\">\n<div id=\"\" class=\"brz-css-3s1t7q brz-css-1c9a78q brz-wrapper\">\n<div class=\"brz-rich-text brz-rich-text__custom brz-css-1mou7ka brz-css-pkhb8x\" data-brz-custom-id=\"eaKpmA5Qu25r\">\n<div data-brz-translate-text=\"1\">\n<p class=\"brz-ff-work_sans brz-ft-google brz-fw-lg-400 brz-fw-sm-im-400 brz-fw-xs-im-400 brz-css-l9pf2\"><span class=\"brz-cp-color2\">max. 200 kg<\/span><\/p>\n<\/div>\n<\/div>\n<\/div>\n<\/div>\n<\/td>\n<\/tr>\n<tr class=\"brz-table__tr\">\n<th class=\"brz-table__th brz-table__aside brz-css-15v2mwz brz-css-12mbwuj\">\n<div class=\"brz-table__th--btn\"><span data-brz-translate-text=\"1\" class=\"brz-span brz-text__editor\">Arbeitskorbgr\u00f6\u00dfe<\/span><\/div>\n<\/th>\n<td class=\"brz-table__td\">\n<div class=\"brz-d-xs-flex brz-flex-xs-column\">\n<div id=\"\" class=\"brz-css-3s1t7q brz-css-1klmupr brz-wrapper\">\n<div class=\"brz-rich-text brz-rich-text__custom brz-css-1mou7ka brz-css-1s6xdjm\" data-brz-custom-id=\"vmpcZxAQCWTJ\">\n<div data-brz-translate-text=\"1\">\n<p class=\"brz-fw-xs-im-400 brz-fw-sm-im-400 brz-fw-lg-400 brz-ft-google brz-ff-work_sans brz-css-p9GwP\"><span class=\"brz-cp-color2\">1,2 x 0,75 m<\/span><\/p>\n<\/div>\n<\/div>\n<\/div>\n<\/div>\n<\/td>\n<\/tr>\n<tr class=\"brz-table__tr\">\n<th class=\"brz-table__th brz-table__aside brz-css-15v2mwz brz-css-khq1to\">\n<div class=\"brz-table__th--btn\"><span data-brz-translate-text=\"1\" class=\"brz-span brz-text__editor\">Gewicht<\/span><\/div>\n<\/th>\n<td class=\"brz-table__td\">\n<div class=\"brz-d-xs-flex brz-flex-xs-column\">\n<div id=\"\" class=\"brz-css-3s1t7q brz-css-1gv4cdu brz-wrapper\">\n<div class=\"brz-rich-text brz-rich-text__custom brz-css-1mou7ka brz-css-sjqzp3\" data-brz-custom-id=\"b8m4tJjpqK6P\">\n<div data-brz-translate-text=\"1\">\n<p class=\"brz-fw-xs-im-400 brz-fw-sm-im-400 brz-fw-lg-400 brz-ft-google brz-ff-work_sans brz-css-eATs9\"><span class=\"brz-cp-color2\">1.920 kg<\/span><\/p>\n<\/div>\n<\/div>\n<\/div>\n<\/div>\n<\/td>\n<\/tr>\n<tr class=\"brz-table__tr\">\n<th class=\"brz-table__th brz-table__aside brz-css-15v2mwz brz-css-wd59x3\">\n<div class=\"brz-table__th--btn\"><span data-brz-translate-text=\"1\" class=\"brz-span brz-text__editor\">Min. Aufstellber. (Platzbed.) Drehbar<\/span><\/div>\n<\/th>\n<td class=\"brz-table__td\">\n<div class=\"brz-d-xs-flex brz-flex-xs-column\">\n<div id=\"\" class=\"brz-css-3s1t7q brz-css-1kysyhs brz-wrapper\">\n<div class=\"brz-rich-text brz-rich-text__custom brz-css-1mou7ka brz-css-p0d8u7\" data-brz-custom-id=\"eAp_DmwhqvdF\">\n<div data-brz-translate-text=\"1\">\n<p class=\"brz-ff-work_sans brz-ft-google brz-fw-lg-400 brz-fw-sm-im-400 brz-fw-xs-im-400 brz-css-i9whS\"><span class=\"brz-cp-color2\">ca. 2,65 x 3,65m \/ 355\u00b0<\/span><\/p>\n<\/div>\n<\/div>\n<\/div>\n<\/div>\n<\/td>\n<\/tr>\n<tr class=\"brz-table__tr\">\n<th class=\"brz-table__th brz-table__aside brz-css-15v2mwz brz-css-x0i1fv\">\n<div class=\"brz-table__th--btn\"><span data-brz-translate-text=\"1\" class=\"brz-span brz-text__editor\">Max. zul. Bodenunebenheit<\/span><\/div>\n<\/th>\n<td class=\"brz-table__td\">\n<div class=\"brz-d-xs-flex brz-flex-xs-column\">\n<div id=\"\" class=\"brz-css-3s1t7q brz-css-1diyv5y brz-wrapper\">\n<div class=\"brz-rich-text brz-rich-text__custom brz-css-1mou7ka brz-css-1e98psl\" data-brz-custom-id=\"fVWg5xJhqWYz\">\n<div data-brz-translate-text=\"1\">\n<p class=\"brz-fw-xs-im-400 brz-fw-sm-im-400 brz-fw-lg-400 brz-ft-google brz-ff-work_sans brz-css-slQum\"><span class=\"brz-cp-color2\">14,8%&nbsp;<\/span><\/p>\n<\/div>\n<\/div>\n<\/div>\n<\/div>\n<\/td>\n<\/tr>\n<tr class=\"brz-table__tr\">\n<th class=\"brz-table__th brz-table__aside brz-css-15v2mwz brz-css-lzmeee\">\n<div class=\"brz-table__th--btn\"><span data-brz-translate-text=\"1\" class=\"brz-span brz-text__editor\">Steuerung\/Diesel und Elektro-Hydraulisch<\/span><\/div>\n<\/th>\n<td class=\"brz-table__td\">\n<div class=\"brz-d-xs-flex brz-flex-xs-column\">\n<div id=\"\" class=\"brz-css-3s1t7q brz-css-1oem4ek brz-wrapper\">\n<div class=\"brz-rich-text brz-rich-text__custom brz-css-1mou7ka brz-css-1ibi5g4\" data-brz-custom-id=\"ex4l5HFdnmK0\">\n<div data-brz-translate-text=\"1\">\n<p class=\"brz-ff-work_sans brz-ft-google brz-fw-lg-400 brz-fw-sm-im-400 brz-fw-xs-im-400 brz-css-xCA9j\"><span class=\"brz-cp-color2\">230V<\/span><\/p>\n<\/div>\n<\/div>\n<\/div>\n<\/div>\n<\/td>\n<\/tr>\n<tr class=\"brz-table__tr\">\n<th class=\"brz-table__th brz-table__aside brz-css-15v2mwz brz-css-1dq8c1g\">\n<div class=\"brz-table__th--btn\"><span data-brz-translate-text=\"1\" class=\"brz-span brz-text__editor\">Seitenkraft Fahrwerk Gummikette<\/span><\/div>\n<\/th>\n<td class=\"brz-table__td\">\n<div class=\"brz-d-xs-flex brz-flex-xs-column\">\n<div id=\"\" class=\"brz-css-3s1t7q brz-css-tzzeog brz-wrapper\">\n<div class=\"brz-rich-text brz-rich-text__custom brz-css-1mou7ka brz-css-17bjiip\" data-brz-custom-id=\"zp3EEWidWSUd\">\n<div data-brz-translate-text=\"1\">\n<p class=\"brz-fw-xs-im-400 brz-fw-sm-im-400 brz-fw-lg-400 brz-ft-google brz-ff-work_sans brz-css-m1Zdr\"><span class=\"brz-cp-color2\">verstellbar<\/span><\/p>\n<\/div>\n<\/div>\n<\/div>\n<\/div>\n<\/td>\n<\/tr>\n<\/tbody>\n<\/table>\n<\/div>\n<\/div>\n<\/div>\n<div class=\"brz-columns brz-css-1fnnpjp brz-css-169g0p7\" data-brz-custom-id=\"uWHF8_VEeWHS\">\n<div class=\"brz-column__items brz-css-oeitf6 brz-css-103ykck\">\n<div id=\"\" class=\"brz-css-3s1t7q brz-css-131vwiy brz-wrapper\">\n<div class=\"brz-image brz-css-1l02f7p brz-css-1l4j46s\" data-brz-custom-id=\"zLAxxtbG8Z9c\"><picture class=\"brz-picture brz-d-block brz-p-relative brz-css-85nr9s brz-css-1uqjd3q\"><source srcset=\"https:\/\/schemmel.group\/arbeitsbuehnen\/wp-content\/uploads\/brizy\/imgs\/Schemmel-Niftylift-Raupenbuehne-592x927x0x70x592x788x1637743562.jpg 1x, https:\/\/schemmel.group\/arbeitsbuehnen\/wp-content\/uploads\/brizy\/imgs\/Schemmel-Niftylift-Raupenbuehne-1184x1854x0x140x1184x1576x1637743562.jpg 2x\" media=\"(min-width: 992px)\"><source srcset=\"https:\/\/schemmel.group\/arbeitsbuehnen\/wp-content\/uploads\/brizy\/imgs\/Schemmel-Niftylift-Raupenbuehne-221x346x0x18x221x310x1637743562.jpg 1x, https:\/\/schemmel.group\/arbeitsbuehnen\/wp-content\/uploads\/brizy\/imgs\/Schemmel-Niftylift-Raupenbuehne-442x692x0x36x442x620x1637743562.jpg 2x\" media=\"(min-width: 768px)\"><img decoding=\"async\" class=\"brz-img\" srcset=\"https:\/\/schemmel.group\/arbeitsbuehnen\/wp-content\/uploads\/brizy\/imgs\/Schemmel-Niftylift-Raupenbuehne-430x673x0x101x430x471x1637743562.jpg 1x, https:\/\/schemmel.group\/arbeitsbuehnen\/wp-content\/uploads\/brizy\/imgs\/Schemmel-Niftylift-Raupenbuehne-860x1346x0x202x860x942x1637743562.jpg 2x\" src=\"https:\/\/schemmel.group\/arbeitsbuehnen\/wp-content\/uploads\/brizy\/imgs\/Schemmel-Niftylift-Raupenbuehne-592x927x0x70x592x788x1637743562.jpg\" alt=\"\" title=\"Schemmel-Niftylift-Raupenbuehne\" draggable=\"false\" loading=\"lazy\"><\/picture><\/div>\n<\/div>\n<\/div>\n<\/div>\n<\/div>\n<\/div>\n<\/div>\n<\/div>\n<\/section>\n<section id=\"9381394e1a2196e867c5_mjjpknfczqgiolnnprordbotqpidelrliutt\" class=\"brz-section brz-css-561lid brz-css-1ri1ges\">\n<div class=\"brz-section__content brz-section--boxed brz-css-40h0q7 brz-css-ajj4pc\" data-brz-custom-id=\"ichprxkspbezzzxxtpiyfjhkwtlgfoxfulah\">\n<div class=\"brz-bg\">\n<div class=\"brz-bg-color\"><\/div>\n<\/div>\n<div class=\"brz-container brz-css-159cvd0 brz-css-1mp9hh0\">\n<div class=\"brz-row__container brz-css-wjcl0a brz-css-103g6ih\" data-brz-custom-id=\"qwellskrirngdtelyczoojugxvjhdkvfsuhd\">\n<div class=\"brz-row brz-css-pvhmwk brz-css-140v4gk brz-css-33g4y\">\n<div class=\"brz-columns brz-css-1fnnpjp brz-css-1a20h5q\" data-brz-custom-id=\"cktbuxrakpuaoeinhzyrrsyujqlqokjbtunj\">\n<div class=\"brz-column__items brz-css-oeitf6 brz-css-26sq3f\">\n<div class=\"brz-wrapper-clone brz-flex-xs-wrap brz-css-yplgmf brz-css-itz1ic\" data-brz-custom-id=\"jfvmvqcfkaerasyqbmpytrcocdjwttgmlhtu\"><a class=\"brz-a brz-btn brz-css-18fcy5s brz-css-3vm6so brz-css-1oecd3j brz-css-11yktbw\" href=\"https:\/\/schemmel.group\/arbeitsbuehnen\/wp-content\/uploads\/2022\/04\/schemmel-leo15gt-flyer-print.pdf\" target=\"_blank\" rel=\"noopener\" data-brz-link-type=\"external\" data-brz-custom-id=\"kghijolkecgrxsjnjmfrafswkhmcjqzhnyjl\"><svg class=\"brz-icon-svg align-[initial] brz-css-38iosh brz-css-1brpvbt\"><use href=\"\/arbeitsbuehnen\/wp-content\/plugins\/brizy\/public\/editor-build\/prod\/editor\/icons\/glyph\/tail-right.svg#nc_icon\"><\/use><\/svg><span data-brz-translate-text=\"1\" class=\"brz-span brz-text__editor\">DATENBLATT<\/span><\/a><\/div>\n<\/div>\n<\/div>\n<\/div>\n<\/div>\n<\/div>\n<\/div>\n<\/section>\n<section id=\"5321037bfeb1937de4e4_aA4GOPhwv1lO\" class=\"brz-section brz-css-561lid brz-css-i9x4je\">\n<div class=\"brz-section__content brz-section--boxed brz-css-40h0q7 brz-css-11ia0ty\" data-brz-custom-id=\"bpMDGwFLOe6n\">\n<div class=\"brz-bg\">\n<div class=\"brz-bg-color\"><\/div>\n<\/div>\n<div class=\"brz-container brz-css-159cvd0 brz-css-14c7as0\">\n<div class=\"brz-row__container brz-css-wjcl0a brz-css-ibgsxo\" data-brz-custom-id=\"rAVWr5tfY0rV\">\n<div class=\"brz-row brz-css-pvhmwk brz-css-140v4gk brz-css-nufm1g\">\n<div class=\"brz-columns brz-css-1fnnpjp brz-css-1qtxpn4\" data-brz-custom-id=\"o7M1iRB77Ik6\">\n<div class=\"brz-column__items brz-css-oeitf6 brz-css-8vdlm1\">\n<div id=\"\" class=\"brz-css-3s1t7q brz-css-11efj4l brz-wrapper\">\n<div class=\"brz-rich-text brz-rich-text__custom brz-css-1mou7ka brz-css-b82orr\" data-brz-custom-id=\"ycFNe9Pq0f91\">\n<div data-brz-translate-text=\"1\">\n<p class=\"brz-tp-abovetitle brz-text-lg-left brz-css-oban5\"><span class=\"brz-cp-color2\" style=\"opacity: 0.8;\">TECHNISCHE DATEN<\/span><\/p>\n<\/div>\n<\/div>\n<\/div>\n<div id=\"\" class=\"brz-css-3s1t7q brz-css-hyybhd brz-wrapper\">\n<div class=\"brz-rich-text brz-rich-text__custom brz-css-1mou7ka brz-css-6qfy8r\" data-brz-custom-id=\"lvAaKiGmKCvH\">\n<div data-brz-translate-text=\"1\">\n<h2 class=\"brz-tp-heading2 brz-text-lg-left brz-css-ncJNo\"><span class=\"brz-cp-color2\">RAUPENB\u00dcHNEN<\/span><\/h2>\n<\/div>\n<\/div>\n<\/div>\n<div id=\"\" class=\"brz-css-3s1t7q brz-css-1yetx59 brz-wrapper\">\n<div class=\"brz-rich-text brz-rich-text__custom brz-css-1mou7ka brz-css-ewqp4a\" data-brz-custom-id=\"gZ8dt8cFkOlL\">\n<div data-brz-translate-text=\"1\">\n<p class=\"brz-tp-subtitle brz-text-lg-left brz-css-nRDRq\"><span class=\"brz-cp-color2\">Die idealen Raupenb\u00fchnen f\u00fcr den Au\u00dfen- und Inneneinsatz auch auf unwegsamem Gel\u00e4nde. Auf engstem Raum man\u00f6vrierf\u00e4hig.<\/span><\/p>\n<\/div>\n<\/div>\n<\/div>\n<div id=\"\" class=\"brz-css-3s1t7q brz-css-c5hx1k brz-css-p8sfua brz-wrapper\">\n<div class=\"brz-spacer brz-css-42fn55 brz-css-1f4874j\"><\/div>\n<\/div>\n<div id=\"\" class=\"brz-css-3s1t7q brz-css-925um8 brz-wrapper c-table\">\n<table class=\"brz-table brz-css-k5p0v4 brz-css-16rzfhq\" data-brz-custom-id=\"ld1559p2SQuP\">\n<thead class=\"brz-table__head brz-css-1ehmug5 brz-css-1l1fz5w\">\n<tr class=\"brz-table__tr\">\n<th class=\"brz-table__th brz-table__aside brz-css-15v2mwz brz-css-16r9p5a\">\n<div class=\"brz-table__th--btn\"><span data-brz-translate-text=\"1\" class=\"brz-span brz-text__editor\">TYP<\/span><\/div>\n<\/th>\n<th class=\"brz-table__th brz-table__aside brz-css-15v2mwz brz-css-b630bb\">\n<div class=\"brz-table__th--btn\"><span data-brz-translate-text=\"1\" class=\"brz-span brz-text__editor\">ZOOMLION ZS0610C<\/span><\/div>\n<\/th>\n<\/tr>\n<\/thead>\n<tbody class=\"brz-table__body brz-css-gvvw8h brz-css-eilj2x\">\n<tr class=\"brz-table__tr\">\n<th class=\"brz-table__th brz-table__aside brz-css-15v2mwz brz-css-1ksbrxj\">\n<div class=\"brz-table__th--btn\"><span data-brz-translate-text=\"1\" class=\"brz-span brz-text__editor\">Arbeitsh\u00f6he<\/span><\/div>\n<\/th>\n<td class=\"brz-table__td\">\n<div class=\"brz-d-xs-flex brz-flex-xs-column\">\n<div id=\"\" class=\"brz-css-3s1t7q brz-css-3lkrqo brz-wrapper\">\n<div class=\"brz-rich-text brz-rich-text__custom brz-css-1mou7ka brz-css-rjuv5y\" data-brz-custom-id=\"sFlyzskH47Up\">\n<div data-brz-translate-text=\"1\">\n<p class=\"brz-fw-xs-400 brz-fw-sm-400 brz-fw-lg-400 brz-ft-google brz-ff-work_sans brz-css-tYXbV\" data-uniq-id=\"t8aRc\" data-generated-css=\"brz-css-idaSO\"><span class=\"brz-cp-color2\">8,80 m<\/span><\/p>\n<\/div>\n<\/div>\n<\/div>\n<\/div>\n<\/td>\n<\/tr>\n<tr class=\"brz-table__tr\">\n<th class=\"brz-table__th brz-table__aside brz-css-15v2mwz brz-css-j4x6ny\">\n<div class=\"brz-table__th--btn\"><span data-brz-translate-text=\"1\" class=\"brz-span brz-text__editor\">Arbeitskorb-Tragkraft<\/span><\/div>\n<\/th>\n<td class=\"brz-table__td\">\n<div class=\"brz-d-xs-flex brz-flex-xs-column\">\n<div id=\"\" class=\"brz-css-3s1t7q brz-css-5i490u brz-wrapper\">\n<div class=\"brz-rich-text brz-rich-text__custom brz-css-1mou7ka brz-css-1pa5z1a\" data-brz-custom-id=\"qzZNpNPz0V3f\">\n<div data-brz-translate-text=\"1\">\n<p class=\"brz-fw-xs-400 brz-fw-sm-400 brz-fw-lg-400 brz-ft-google brz-ff-work_sans brz-css-cnGd3\" data-uniq-id=\"szLY8\" data-generated-css=\"brz-css-hV6Z5\"><span class=\"brz-cp-color2\">max. 250 kg<\/span><\/p>\n<\/div>\n<\/div>\n<\/div>\n<\/div>\n<\/td>\n<\/tr>\n<tr class=\"brz-table__tr\">\n<th class=\"brz-table__th brz-table__aside brz-css-15v2mwz brz-css-uv79oi\">\n<div class=\"brz-table__th--btn\"><span data-brz-translate-text=\"1\" class=\"brz-span brz-text__editor\">L\u00e4nge\/Breite<\/span><\/div>\n<\/th>\n<td class=\"brz-table__td\">\n<div class=\"brz-d-xs-flex brz-flex-xs-column\">\n<div id=\"\" class=\"brz-css-3s1t7q brz-css-cyaozr brz-wrapper\">\n<div class=\"brz-rich-text brz-rich-text__custom brz-css-1mou7ka brz-css-emh8r4\" data-brz-custom-id=\"q2ODtc9e2eTV\">\n<div data-brz-translate-text=\"1\">\n<p class=\"brz-ff-work_sans brz-ft-google brz-fw-lg-400 brz-fw-sm-400 brz-fw-xs-400 brz-css-qJ9Ni\" data-uniq-id=\"oLN8R\" data-generated-css=\"brz-css-b6bxt\"><span class=\"brz-cp-color2\">2,10 x 1,05 m<\/span><\/p>\n<\/div>\n<\/div>\n<\/div>\n<\/div>\n<\/td>\n<\/tr>\n<tr class=\"brz-table__tr\">\n<th class=\"brz-table__th brz-table__aside brz-css-15v2mwz brz-css-pr27uc\">\n<div class=\"brz-table__th--btn\"><span data-brz-translate-text=\"1\" class=\"brz-span brz-text__editor\">Gewicht<\/span><\/div>\n<\/th>\n<td class=\"brz-table__td\">\n<div class=\"brz-d-xs-flex brz-flex-xs-column\">\n<div id=\"\" class=\"brz-css-3s1t7q brz-css-1b4vvmd brz-wrapper\">\n<div class=\"brz-rich-text brz-rich-text__custom brz-css-1mou7ka brz-css-ca3tao\" data-brz-custom-id=\"bca2T1xPltpM\">\n<div data-brz-translate-text=\"1\">\n<p class=\"brz-ff-work_sans brz-ft-google brz-fw-lg-400 brz-fw-sm-400 brz-fw-xs-400 brz-css-wL0X2\" data-uniq-id=\"eT1wg\" data-generated-css=\"brz-css-uxCNh\"><span class=\"brz-cp-color2\">1.700 kg<\/span><\/p>\n<\/div>\n<\/div>\n<\/div>\n<\/div>\n<\/td>\n<\/tr>\n<tr class=\"brz-table__tr\">\n<th class=\"brz-table__th brz-table__aside brz-css-15v2mwz brz-css-1f12jmb\">\n<div class=\"brz-table__th--btn\"><span data-brz-translate-text=\"1\" class=\"brz-span brz-text__editor\">Wenderadius<\/span><\/div>\n<\/th>\n<td class=\"brz-table__td\">\n<div class=\"brz-d-xs-flex brz-flex-xs-column\">\n<div id=\"\" class=\"brz-css-3s1t7q brz-css-165wsy9 brz-wrapper\">\n<div class=\"brz-rich-text brz-rich-text__custom brz-css-1mou7ka brz-css-bhqzy8\" data-brz-custom-id=\"jW1ZxnV4e7Bd\">\n<div data-brz-translate-text=\"1\">\n<p class=\"brz-fw-xs-400 brz-fw-sm-400 brz-fw-lg-400 brz-ft-google brz-ff-work_sans brz-css-gr4xr\" data-uniq-id=\"b6KTL\" data-generated-css=\"brz-css-rPGvA\"><span class=\"brz-cp-color2\">0\u00b0<\/span><\/p>\n<\/div>\n<\/div>\n<\/div>\n<\/div>\n<\/td>\n<\/tr>\n<tr class=\"brz-table__tr\">\n<th class=\"brz-table__th brz-table__aside brz-css-15v2mwz brz-css-w2wiqr\">\n<div class=\"brz-table__th--btn\"><span data-brz-translate-text=\"1\" class=\"brz-span brz-text__editor\">Steigf\u00e4higkeit<\/span><\/div>\n<\/th>\n<td class=\"brz-table__td\">\n<div class=\"brz-d-xs-flex brz-flex-xs-column\">\n<div id=\"\" class=\"brz-css-3s1t7q brz-css-1jr4w87 brz-wrapper\">\n<div class=\"brz-rich-text brz-rich-text__custom brz-css-1mou7ka brz-css-pdmjpg\" data-brz-custom-id=\"fzCHP_Z2Ur8C\">\n<div data-brz-translate-text=\"1\">\n<p class=\"brz-ff-work_sans brz-ft-google brz-fw-lg-400 brz-fw-sm-400 brz-fw-xs-400 brz-css-wFkmI\" data-uniq-id=\"kWZgU\" data-generated-css=\"brz-css-qkZ_G\"><span class=\"brz-cp-color2\">30%&nbsp;<\/span><\/p>\n<\/div>\n<\/div>\n<\/div>\n<\/div>\n<\/td>\n<\/tr>\n<tr class=\"brz-table__tr\">\n<th class=\"brz-table__th brz-table__aside brz-css-15v2mwz brz-css-51jqht\">\n<div class=\"brz-table__th--btn\"><span data-brz-translate-text=\"1\" class=\"brz-span brz-text__editor\">Akku<\/span><\/div>\n<\/th>\n<td class=\"brz-table__td\">\n<div class=\"brz-d-xs-flex brz-flex-xs-column\">\n<div id=\"\" class=\"brz-css-3s1t7q brz-css-yf4j93 brz-wrapper\">\n<div class=\"brz-rich-text brz-rich-text__custom brz-css-1mou7ka brz-css-1w259qp\" data-brz-custom-id=\"wZ60QuwPtJPq\">\n<div data-brz-translate-text=\"1\">\n<p class=\"brz-fw-xs-400 brz-fw-sm-400 brz-fw-lg-400 brz-ft-google brz-ff-work_sans brz-css-ji7oo\" data-uniq-id=\"pZ81A\" data-generated-css=\"brz-css-wQXXF\"><span class=\"brz-cp-color2\">230V<\/span><\/p>\n<\/div>\n<\/div>\n<\/div>\n<\/div>\n<\/td>\n<\/tr>\n<\/tbody>\n<\/table>\n<\/div>\n<\/div>\n<\/div>\n<div class=\"brz-columns brz-css-1fnnpjp brz-css-1m4twjo\" data-brz-custom-id=\"vIJWTOm5frhj\">\n<div class=\"brz-column__items brz-css-oeitf6 brz-css-1kociy\">\n<div id=\"\" class=\"brz-css-3s1t7q brz-css-wt1dyd brz-wrapper\">\n<div class=\"brz-image brz-css-6pbx4e brz-css-1m40ppd\" data-brz-custom-id=\"s2hjqIEFybR5\"><picture class=\"brz-picture brz-d-block brz-p-relative brz-css-a0vgno brz-css-19kc3a2\"><source srcset=\"https:\/\/schemmel.group\/arbeitsbuehnen\/wp-content\/uploads\/2025\/12\/ra2.png 1x, https:\/\/schemmel.group\/arbeitsbuehnen\/wp-content\/uploads\/2025\/12\/ra2.png 2x\" media=\"(min-width: 992px)\"><source srcset=\"https:\/\/schemmel.group\/arbeitsbuehnen\/wp-content\/uploads\/2025\/12\/ra2.png 1x, https:\/\/schemmel.group\/arbeitsbuehnen\/wp-content\/uploads\/2025\/12\/ra2.png 2x\" media=\"(min-width: 768px)\"><img decoding=\"async\" class=\"brz-img\" srcset=\"https:\/\/schemmel.group\/arbeitsbuehnen\/wp-content\/uploads\/2025\/12\/ra2.png 1x, https:\/\/schemmel.group\/arbeitsbuehnen\/wp-content\/uploads\/2025\/12\/ra2.png 2x\" src=\"https:\/\/schemmel.group\/arbeitsbuehnen\/wp-content\/uploads\/2025\/12\/ra2.png\" alt=\"\" title=\"ra2\" draggable=\"false\" loading=\"lazy\"><\/picture><\/div>\n<\/div>\n<\/div>\n<\/div>\n<\/div>\n<\/div>\n<\/div>\n<\/div>\n<\/section>\n<section id=\"26f0819c540634c9c6d6_xs5Aa7MlE82P\" class=\"brz-section brz-css-561lid brz-css-eaf9r4\">\n<div class=\"brz-section__content brz-section--boxed brz-css-40h0q7 brz-css-sqe8uk\" data-brz-custom-id=\"e761oWp0u4px\">\n<div class=\"brz-bg\">\n<div class=\"brz-bg-color\"><\/div>\n<\/div>\n<div class=\"brz-container brz-css-159cvd0 brz-css-reseaw\">\n<div class=\"brz-row__container brz-css-wjcl0a brz-css-19hvynd\" data-brz-custom-id=\"inxLoDSCFP0j\">\n<div class=\"brz-row brz-css-pvhmwk brz-css-140v4gk brz-css-9rq0wx\">\n<div class=\"brz-columns brz-css-1fnnpjp brz-css-1j8s533\" data-brz-custom-id=\"kEEpptP_ujGQ\">\n<div class=\"brz-column__items brz-css-oeitf6 brz-css-1htpckr\">\n<div class=\"brz-wrapper-clone brz-flex-xs-wrap brz-css-yplgmf brz-css-v3ah9y\" data-brz-custom-id=\"dPpdgIXMWLDu\"><a class=\"brz-a brz-btn brz-css-18fcy5s brz-css-1pjxpdq brz-css-1oecd3j brz-css-kx8dg0\" href=\"https:\/\/schemmel.group\/arbeitsbuehnen\/wp-content\/uploads\/2025\/12\/ZOOMLION-ZS0610C_Flyer_und_Datenblatt-2.pdf\" target=\"_blank\" rel=\"noopener\" data-brz-link-type=\"external\" data-brz-custom-id=\"aJxRQUQJ5uBH\"><svg class=\"brz-icon-svg align-[initial] brz-css-38iosh brz-css-zbg4tf\"><use href=\"\/arbeitsbuehnen\/wp-content\/plugins\/brizy\/public\/editor-build\/prod\/editor\/icons\/glyph\/tail-right.svg#nc_icon\"><\/use><\/svg><span data-brz-translate-text=\"1\" class=\"brz-span brz-text__editor\">DATENBLATT<\/span><\/a><\/div>\n<\/div>\n<\/div>\n<\/div>\n<\/div>\n<\/div>\n<\/div>\n<\/section>\n<\/div>\n<p>    <!-- version:1766007224 --><\/p>\n","protected":false},"excerpt":{"rendered":"<p>TECHNISCHE DATEN RAUPENB\u00dcHNEN Die idealen Raupenb\u00fchnen f\u00fcr den Au\u00dfen- und Inneneinsatz auch auf unwegsamem Gel\u00e4nde. Auf engstem Raum man\u00f6vrierf\u00e4hig. TYP TEUPEN LEO 15GT Arbeitsh\u00f6he 14,9 m Seitliche Reichweite 6,4 m Arbeitskorb-Tragkraft max. 200 kg Arbeitskorbgr\u00f6\u00dfe 1,2 x 0,75 m Gewicht 1.920 kg Min. Aufstellber. (Platzbed.) Drehbar ca. 2,65 x 3,65m \/ 355\u00b0 Max. zul. Bodenunebenheit [&hellip;]<\/p>\n","protected":false},"author":1,"featured_media":0,"parent":0,"menu_order":0,"comment_status":"closed","ping_status":"closed","template":"brizy-blank-template.php","meta":{"footnotes":""},"class_list":["post-210","page","type-page","status-publish","hentry","wpbf-post"],"_links":{"self":[{"href":"https:\/\/schemmel.group\/arbeitsbuehnen\/wp-json\/wp\/v2\/pages\/210","targetHints":{"allow":["GET"]}}],"collection":[{"href":"https:\/\/schemmel.group\/arbeitsbuehnen\/wp-json\/wp\/v2\/pages"}],"about":[{"href":"https:\/\/schemmel.group\/arbeitsbuehnen\/wp-json\/wp\/v2\/types\/page"}],"author":[{"embeddable":true,"href":"https:\/\/schemmel.group\/arbeitsbuehnen\/wp-json\/wp\/v2\/users\/1"}],"replies":[{"embeddable":true,"href":"https:\/\/schemmel.group\/arbeitsbuehnen\/wp-json\/wp\/v2\/comments?post=210"}],"version-history":[{"count":26,"href":"https:\/\/schemmel.group\/arbeitsbuehnen\/wp-json\/wp\/v2\/pages\/210\/revisions"}],"predecessor-version":[{"id":2882,"href":"https:\/\/schemmel.group\/arbeitsbuehnen\/wp-json\/wp\/v2\/pages\/210\/revisions\/2882"}],"wp:attachment":[{"href":"https:\/\/schemmel.group\/arbeitsbuehnen\/wp-json\/wp\/v2\/media?parent=210"}],"curies":[{"name":"wp","href":"https:\/\/api.w.org\/{rel}","templated":true}]}}