{"id":2774,"date":"2025-12-16T10:14:49","date_gmt":"2025-12-16T09:14:49","guid":{"rendered":"https:\/\/schemmel.group\/arbeitsbuehnen\/?page_id=2774"},"modified":"2025-12-16T16:15:06","modified_gmt":"2025-12-16T15:15:06","slug":"ueber-uns","status":"publish","type":"page","link":"https:\/\/schemmel.group\/arbeitsbuehnen\/ueber-uns\/","title":{"rendered":"\u00dcber uns"},"content":{"rendered":"<div class=\"brz-root__container brz-reset-all brz brz-root__container-page\">\n<section id=\"1a8d358fda998af821b3_fPsyP5fz8rlj\" class=\"brz-section brz-css-1w6i3nc brz-css-axeev6\">\n<div class=\"brz-section__content brz-section--boxed brz-css-1cspqa5 brz-css-18jmaro\" data-brz-custom-id=\"bk_lPlI4sAdq\">\n<div class=\"brz-bg\">\n<div class=\"brz-bg-color\"><\/div>\n<\/div>\n<div class=\"brz-container brz-css-1dhdv58 brz-css-kkotwa\">\n<div class=\"brz-row__container brz-css-en589c brz-css-wz50qy\" data-brz-custom-id=\"eRYfOlocbLnO\">\n<div class=\"brz-row brz-css-1uyn87q brz-css-1e26tj1\">\n<div class=\"brz-columns brz-css-1nlvyie brz-css-1vngvmc\" data-brz-custom-id=\"gsciV6143VtG\">\n<div class=\"brz-column__items brz-css-tb0pw8 brz-css-1ywg5es\">\n<div id=\"\" class=\"brz-css-1cxx648 brz-css-120s00w brz-wrapper\">\n<div class=\"brz-rich-text brz-rich-text__custom brz-css-1lk9tb9 brz-css-12bm8v4\" data-brz-custom-id=\"icnx4R_S9O9X\">\n<div data-brz-translate-text=\"1\">\n<p data-uniq-id=\"tV09Q\" data-generated-css=\"brz-css-nGIeZ\" class=\"brz-fs-lg-29 brz-ft-google brz-ff-work_sans brz-fsft-lg-0 brz-fwdth-lg-100 brz-vfw-lg-400 brz-lh-lg-1_5 brz-ls-lg-0 brz-fw-lg-800 brz-fss-lg-px brz-tp-lg-button brz-text-lg-left brz-mb-lg-0 brz-mt-lg-0 brz-css-gSvuH\"><span style=\"color: rgb(255, 255, 255);\">\u00dcBER UNS<\/span><\/p>\n<h2 class=\"brz-fs-lg-29 brz-ft-google brz-ff-work_sans brz-fsft-lg-0 brz-fwdth-lg-100 brz-vfw-lg-400 brz-lh-lg-1_5 brz-ls-lg-0 brz-fw-lg-800 brz-fss-lg-px brz-tp-lg-heading2 brz-text-lg-left brz-mb-lg-0 brz-mt-lg-0 brz-css-kGd1E\" data-uniq-id=\"hcmJv\" data-generated-css=\"brz-css-xM4N3\"><strong style=\"color: rgb(255, 255, 255);\">SCHEMMEL GROUP<\/strong><\/h2>\n<p class=\"brz-tp-lg-paragraph brz-css-h3Mey\" data-uniq-id=\"zotAR\" data-generated-css=\"brz-css-rVdF0\"><\/p>\n<\/div>\n<\/div>\n<\/div>\n<div id=\"\" class=\"brz-css-1cxx648 brz-css-1g8nlgx brz-wrapper\">\n<div class=\"brz-rich-text brz-rich-text__custom brz-css-1lk9tb9 brz-css-1i6tdxq\" data-brz-custom-id=\"aCLVHwAQKayU\">\n<div data-brz-translate-text=\"1\">\n<h4 data-generated-css=\"brz-css-pWSXS\" data-uniq-id=\"zzcGi\" class=\"brz-text-lg-left brz-ft-google brz-fs-lg-16 brz-fss-lg-px brz-fw-lg-400 brz-lh-lg-1_3 brz-ls-lg-0 brz-vfw-lg-400 brz-fwdth-lg-100 brz-fsft-lg-0 brz-fss-sm-px brz-fss-xs-px brz-tp-lg-heading4 brz-mb-lg-15 brz-css-v0OuK\"><span class=\"brz-cp-color2\" style=\"color: rgba(var(--brz-global-color2),1);\">Mobilit\u00e4t &amp; H\u00f6he aus einer Hand<\/span><\/h4>\n<p data-generated-css=\"brz-css-fJZLg\" data-uniq-id=\"gkVDF\" class=\"brz-text-lg-left brz-ft-google brz-fs-lg-16 brz-fss-lg-px brz-fw-lg-400 brz-lh-lg-1_3 brz-ls-lg-0 brz-vfw-lg-400 brz-fwdth-lg-100 brz-fsft-lg-0 brz-fss-sm-px brz-fss-xs-px brz-mb-lg-40 brz-tp-lg-paragraph brz-css-oEAGQ\"><span class=\"brz-cp-color2\" style=\"color: rgba(var(--brz-global-color2),1);\">Die Schemmel Group ist ein erfahrenes Unternehmen f\u00fcr Mobilit\u00e4ts- und H\u00f6henl\u00f6sungen. Seit 1997 stehen wir f\u00fcr Zuverl\u00e4ssigkeit, Qualit\u00e4t und pers\u00f6nliche Beratung. Mit unseren drei Gesch\u00e4ftsbereichen Autohaus, Autovermietung und Arbeitsb\u00fchnenvermietung bieten wir Privat- und Gesch\u00e4ftskunden flexible L\u00f6sungen aus einer Hand.<\/span><\/p>\n<\/div>\n<\/div>\n<\/div>\n<\/div>\n<\/div>\n<\/div>\n<\/div>\n<div class=\"brz-row__container brz-css-en589c brz-css-pzxmt0\" data-brz-custom-id=\"f4fDlRTGIsN9\">\n<div class=\"brz-row brz-css-1uyn87q brz-css-b1nr6w\">\n<div class=\"brz-columns brz-css-1nlvyie brz-css-117xl96\" data-brz-custom-id=\"jJuevUwuzJ0S\">\n<div class=\"brz-column__items brz-css-tb0pw8 brz-css-1rzif7i\">\n<div id=\"\" class=\"brz-css-1cxx648 brz-css-1kn15go brz-wrapper\">\n<div class=\"brz-image brz-css-51magd brz-css-1i2r35z\" data-brz-custom-id=\"xGBejR6ox4Kv\"><picture class=\"brz-picture brz-d-block brz-p-relative brz-css-1r4i34b brz-css-1vkxgsh\"><source srcset=\"https:\/\/schemmel.group\/arbeitsbuehnen\/wp-content\/uploads\/brizy\/imgs\/Teleskopbuehne-1-1-545x363x0x22x545x342x1637743562.jpg 1x, https:\/\/schemmel.group\/arbeitsbuehnen\/wp-content\/uploads\/brizy\/imgs\/Teleskopbuehne-1-1-1090x726x0x44x1090x684x1637743562.jpg 2x\" media=\"(min-width: 992px)\"><source srcset=\"https:\/\/schemmel.group\/arbeitsbuehnen\/?brizy_media=wp-22502452b69e0a60b6230bcf6f8a5698.jpg&amp;brizy_crop=iW%3D460%26iH%3D307%26oX%3D81%26oY%3D0%26cW%3D354%26cH%3D307 1x, https:\/\/schemmel.group\/arbeitsbuehnen\/?brizy_media=wp-22502452b69e0a60b6230bcf6f8a5698.jpg&amp;brizy_crop=iW%3D920%26iH%3D614%26oX%3D162%26oY%3D0%26cW%3D708%26cH%3D614 2x\" media=\"(min-width: 768px)\"><img decoding=\"async\" class=\"brz-img\" srcset=\"https:\/\/schemmel.group\/arbeitsbuehnen\/?brizy_media=wp-22502452b69e0a60b6230bcf6f8a5698.jpg&amp;brizy_crop=iW%3D430%26iH%3D287%26oX%3D0%26oY%3D17%26cW%3D430%26cH%3D269 1x, https:\/\/schemmel.group\/arbeitsbuehnen\/wp-content\/uploads\/brizy\/imgs\/Teleskopbuehne-1-1-860x574x0x34x860x538x1637743562.jpg 2x\" src=\"https:\/\/schemmel.group\/arbeitsbuehnen\/wp-content\/uploads\/brizy\/imgs\/Teleskopbuehne-1-1-545x363x0x22x545x342x1637743562.jpg\" alt=\"\" title=\"Teleskopbuehne-1\" draggable=\"false\" loading=\"lazy\"><\/picture><\/div>\n<\/div>\n<\/div>\n<\/div>\n<div class=\"brz-columns brz-css-1nlvyie brz-css-8qhzzf\" data-brz-custom-id=\"j3aFxFQIVrRa\">\n<div class=\"brz-column__items brz-css-tb0pw8 brz-css-wes7mc\">\n<div id=\"\" class=\"brz-css-1cxx648 brz-css-1w15mnv brz-wrapper\">\n<div class=\"brz-rich-text brz-rich-text__custom brz-css-1lk9tb9 brz-css-5o9tn1\" data-brz-custom-id=\"a6C5PSUd9Pq6\">\n<div data-brz-translate-text=\"1\">\n<h4 class=\"brz-tp-lg-heading4 brz-mb-lg-10 brz-css-slvZT\" data-uniq-id=\"bY68S\" data-generated-css=\"brz-css-sTvFG\"><span style=\"color: rgb(255, 255, 255);\">Autohaus \u2013 DS Automobile Schemmel<\/span><\/h4>\n<p class=\"brz-tp-lg-paragraph brz-mb-lg-10 brz-css-qC6Ye\" data-uniq-id=\"tG2SX\" data-generated-css=\"brz-css-bdoZm\"><span style=\"color: rgb(255, 255, 255);\">Unser Autohaus bietet eine gro\u00dfe Auswahl an&nbsp;Neuwagen, Sportwagen, Jahreswagen und Gebrauchtwagen. Pers\u00f6nliche Beratung, faire Angebote und zuverl\u00e4ssige Serviceleistungen rund ums Fahrzeug stehen bei uns im Mittelpunkt.<\/span><\/p>\n<\/div>\n<\/div>\n<\/div>\n<div id=\"\" class=\"brz-css-1cxx648 brz-css-md4a8q brz-wrapper\">\n<div class=\"brz-rich-text brz-rich-text__custom brz-css-1lk9tb9 brz-css-1uznq5w\" data-brz-custom-id=\"vOGRTQCmcTGk\">\n<div data-brz-translate-text=\"1\">\n<h4 class=\"brz-tp-lg-heading4 brz-mb-lg-10 brz-mt-lg-20 brz-css-yrTLf\" data-uniq-id=\"gGHwm\" data-generated-css=\"brz-css-tvUQY\"><span style=\"color: rgb(255, 255, 255);\">Autovermietung Limberg<\/span><\/h4>\n<p class=\"brz-tp-lg-paragraph brz-text-sm-justify brz-css-z5TBv\" data-uniq-id=\"gMy6w\" data-generated-css=\"brz-css-laTSe\"><span style=\"color: rgb(255, 255, 255);\">Unsere Autovermietung stellt&nbsp;Pkw, Transporter und Nutzfahrzeuge&nbsp;zur Kurz- und Langzeitmiete bereit. Ob privat oder gewerblich \u2013 wir bieten flexible Mobilit\u00e4tsl\u00f6sungen f\u00fcr jeden Bedarf.<\/span><\/p>\n<\/div>\n<\/div>\n<\/div>\n<\/div>\n<\/div>\n<\/div>\n<\/div>\n<div class=\"brz-row__container brz-css-en589c brz-css-zftxm3\" data-brz-custom-id=\"hRua03hi2VyV\">\n<div class=\"brz-row brz-css-1uyn87q brz-css-zffdzl\">\n<div class=\"brz-columns brz-css-1nlvyie brz-css-sqx3fz\" data-brz-custom-id=\"bDrK5yH_luYY\">\n<div class=\"brz-column__items brz-css-tb0pw8 brz-css-kg0c3a\">\n<div id=\"\" class=\"brz-css-1cxx648 brz-css-a3x3q9 brz-wrapper\">\n<div class=\"brz-rich-text brz-rich-text__custom brz-css-1lk9tb9 brz-css-155lpji\" data-brz-custom-id=\"iHewtBhGgxbh\">\n<div data-brz-translate-text=\"1\">\n<h4 class=\"brz-mb-lg-10 brz-tp-lg-heading4 brz-css-y2CDs\" data-generated-css=\"brz-css-rR1im\" data-uniq-id=\"wIesh\"><span style=\"color: rgb(255, 255, 255);\">Arbeitsb\u00fchnenvermietung<\/span><\/h4>\n<p class=\"brz-mb-lg-10 brz-tp-lg-paragraph brz-css-yjpoy\" data-generated-css=\"brz-css-esCjn\" data-uniq-id=\"nim_d\"><span style=\"color: rgb(255, 255, 255);\">Im Bereich der Arbeitsb\u00fchnenvermietung bieten wir moderne&nbsp;Hubarbeitsb\u00fchnen, Scherenb\u00fchnen, LKW-Arbeitsb\u00fchnen und Raupenarbeitsb\u00fchnen. Ideal f\u00fcr Eins\u00e4tze im Handwerk, in der Industrie und auf Baustellen \u2013 auch bei beengten oder schwierigen Einsatzorten.<\/span><\/p>\n<p class=\"brz-mb-lg-10 brz-tp-lg-paragraph brz-css-fgrRW\" data-generated-css=\"brz-css-esCjn\" data-uniq-id=\"nim_d\"><span style=\"color: rgb(255, 255, 255);\"> <\/span><\/p>\n<h4 data-generated-css=\"brz-css-eODxH\" data-uniq-id=\"nzLDz\" class=\"brz-mb-lg-10 brz-tp-lg-heading4 brz-mt-lg-0 brz-css-zr1Ss\"><strong style=\"color: rgb(255, 255, 255);\">Warum Schemmel Group?<\/strong><\/h4>\n<p class=\"brz-mb-lg-10 brz-tp-lg-paragraph brz-css-jGH1Z\" data-generated-css=\"brz-css-sv_7K\" data-uniq-id=\"f33t_\"><span style=\"color: rgb(255, 255, 255);\">-Erfahrung seit 1997<\/span><\/p>\n<p class=\"brz-mb-lg-10 brz-tp-lg-paragraph brz-css-j0quz\" data-generated-css=\"brz-css-sd2Cp\" data-uniq-id=\"pCEZ0\"><span style=\"color: rgb(255, 255, 255);\">-Alles aus einer Hand<\/span><\/p>\n<p class=\"brz-mb-lg-10 brz-tp-lg-paragraph brz-css-oPtO3\" data-generated-css=\"brz-css-rUZfe\" data-uniq-id=\"ewQ42\"><span style=\"color: rgb(255, 255, 255);\">-Moderne Fahrzeuge &amp; Technik<\/span><\/p>\n<p class=\"brz-mb-lg-10 brz-tp-lg-paragraph brz-css-sqT8X\" data-generated-css=\"brz-css-dSBmA\" data-uniq-id=\"zQx8Z\"><span style=\"color: rgb(255, 255, 255);\">-Pers\u00f6nlicher Service<\/span><\/p>\n<p class=\"brz-mb-lg-10 brz-tp-lg-paragraph brz-css-kAFrc\" data-generated-css=\"brz-css-eorh7\" data-uniq-id=\"kplnG\"><span style=\"color: rgb(255, 255, 255);\">-Flexible L\u00f6sungen<\/span><\/p>\n<p class=\"brz-mb-lg-10 brz-tp-lg-paragraph brz-css-pfKeR\" data-generated-css=\"brz-css-aEvij\" data-uniq-id=\"zXceC\"><span style=\"color: rgb(255, 255, 255);\"> <\/span><\/p>\n<h6 data-generated-css=\"brz-css-oPP5a\" data-uniq-id=\"fZ0d1\" class=\"brz-mb-lg-10 brz-tp-lg-heading6 brz-css-oVvG_\"><strong style=\"color: rgb(255, 255, 255);\">Schemmel Group \u2013 Ihr zuverl\u00e4ssiger Partner f\u00fcr Mobilit\u00e4t und Arbeiten in der H\u00f6he.<\/strong><\/h6>\n<p class=\"brz-mb-lg-10 brz-tp-lg-paragraph brz-css-y6xEd\" data-generated-css=\"brz-css-esCjn\" data-uniq-id=\"nim_d\"><span style=\"color: rgb(255, 255, 255);\"> <\/span><\/p>\n<\/div>\n<\/div>\n<\/div>\n<\/div>\n<\/div>\n<div class=\"brz-columns brz-css-1nlvyie brz-css-4e22mb\" data-brz-custom-id=\"sKj8JVmiHH_W\">\n<div class=\"brz-bg\">\n<div class=\"brz-bg-color\"><\/div>\n<\/div>\n<div class=\"brz-column__items brz-css-tb0pw8 brz-css-1mkbli3\">\n<div id=\"\" class=\"brz-css-1cxx648 brz-css-lebikk brz-wrapper\">\n<div class=\"brz-image brz-css-i43co7 brz-css-1h36h09\" data-brz-custom-id=\"zMdTOduAVVww\"><picture class=\"brz-picture brz-d-block brz-p-relative brz-css-163xsmo brz-css-1wuseyn\"><source srcset=\"https:\/\/schemmel.group\/arbeitsbuehnen\/wp-content\/uploads\/2025\/12\/ra2.png 1x, https:\/\/schemmel.group\/arbeitsbuehnen\/wp-content\/uploads\/2025\/12\/ra2.png 2x\" media=\"(min-width: 992px)\"><source srcset=\"https:\/\/schemmel.group\/arbeitsbuehnen\/wp-content\/uploads\/2025\/12\/ra2.png 1x, https:\/\/schemmel.group\/arbeitsbuehnen\/wp-content\/uploads\/2025\/12\/ra2.png 2x\" media=\"(min-width: 768px)\"><img decoding=\"async\" class=\"brz-img\" srcset=\"https:\/\/schemmel.group\/arbeitsbuehnen\/wp-content\/uploads\/2025\/12\/ra2.png 1x, https:\/\/schemmel.group\/arbeitsbuehnen\/wp-content\/uploads\/2025\/12\/ra2.png 2x\" src=\"https:\/\/schemmel.group\/arbeitsbuehnen\/wp-content\/uploads\/2025\/12\/ra2.png\" alt=\"\" title=\"ra2\" draggable=\"false\" loading=\"lazy\"><\/picture><\/div>\n<\/div>\n<\/div>\n<\/div>\n<\/div>\n<\/div>\n<\/div>\n<\/div>\n<\/section>\n<\/div>\n<p>    <!-- version:1765898106 --><\/p>\n","protected":false},"excerpt":{"rendered":"<p>\u00dcBER UNS SCHEMMEL GROUP Mobilit\u00e4t &amp; H\u00f6he aus einer Hand Die Schemmel Group ist ein erfahrenes Unternehmen f\u00fcr Mobilit\u00e4ts- und H\u00f6henl\u00f6sungen. Seit 1997 stehen wir f\u00fcr Zuverl\u00e4ssigkeit, Qualit\u00e4t und pers\u00f6nliche Beratung. Mit unseren drei Gesch\u00e4ftsbereichen Autohaus, Autovermietung und Arbeitsb\u00fchnenvermietung bieten wir Privat- und Gesch\u00e4ftskunden flexible L\u00f6sungen aus einer Hand. Autohaus \u2013 DS Automobile Schemmel Unser [&hellip;]<\/p>\n","protected":false},"author":1,"featured_media":0,"parent":0,"menu_order":0,"comment_status":"closed","ping_status":"closed","template":"brizy-blank-template.php","meta":{"footnotes":""},"class_list":["post-2774","page","type-page","status-publish","hentry","wpbf-post"],"_links":{"self":[{"href":"https:\/\/schemmel.group\/arbeitsbuehnen\/wp-json\/wp\/v2\/pages\/2774","targetHints":{"allow":["GET"]}}],"collection":[{"href":"https:\/\/schemmel.group\/arbeitsbuehnen\/wp-json\/wp\/v2\/pages"}],"about":[{"href":"https:\/\/schemmel.group\/arbeitsbuehnen\/wp-json\/wp\/v2\/types\/page"}],"author":[{"embeddable":true,"href":"https:\/\/schemmel.group\/arbeitsbuehnen\/wp-json\/wp\/v2\/users\/1"}],"replies":[{"embeddable":true,"href":"https:\/\/schemmel.group\/arbeitsbuehnen\/wp-json\/wp\/v2\/comments?post=2774"}],"version-history":[{"count":17,"href":"https:\/\/schemmel.group\/arbeitsbuehnen\/wp-json\/wp\/v2\/pages\/2774\/revisions"}],"predecessor-version":[{"id":2851,"href":"https:\/\/schemmel.group\/arbeitsbuehnen\/wp-json\/wp\/v2\/pages\/2774\/revisions\/2851"}],"wp:attachment":[{"href":"https:\/\/schemmel.group\/arbeitsbuehnen\/wp-json\/wp\/v2\/media?parent=2774"}],"curies":[{"name":"wp","href":"https:\/\/api.w.org\/{rel}","templated":true}]}}